{"id":2942,"date":"2019-01-12T13:58:07","date_gmt":"2019-01-12T12:58:07","guid":{"rendered":"http:\/\/rs.sicilia.agesci.it\/?page_id=2942"},"modified":"2024-04-15T17:40:42","modified_gmt":"2024-04-15T15:40:42","slug":"joelette","status":"publish","type":"page","link":"https:\/\/sicilia.agesci.it\/brancars\/joelette\/","title":{"rendered":"Jo\u00eblette"},"content":{"rendered":"<h1 class=\"title\">\u201cPer aiutare gli altri in ogni circostanza\u201d<\/h1>\n<div class=\"single-content\">\n<p>Le risorse economiche spettanti ad Agesci Sicilia, quale suddivisione cinque per mille, raccolto dall\u2019Agesci Nazionale, quest\u2019anno sono state messi a disposizione per l\u2019acquisto di una nuova Jo\u00eblette affinch\u00e9 diventiamo tutti \u201cabili\u201d. Ci siamo dotati di una seconda carrozzina per soddisfare le richieste dei gruppi per vivere tutti insieme l\u2019avventura e fare strada senza limiti. Nulla \u00e8 Im\u2026possibile per uno scout.&nbsp; Per chi ne volesse fare uso basta fare una semplice richiesta in segreteria regionale. Le Jo\u00eblette si trovano una in Sicilia Orientale e una in Sicilia Occidentale. Questo per facilitarne il trasporto ai capi di tutta la Sicilia.<\/p>\n<p>\u201cLa disabilit\u00e0 per noi non \u00e8 un limite. Insieme si pu\u00f2.\u201d<\/p>\n<p>&nbsp;<\/p>\n<p><a href=\"http:\/\/sicilia.agesci.it\/brancars\/wp-content\/uploads\/sites\/4\/2019\/01\/jolette.jpeg\"><img loading=\"lazy\" decoding=\"async\" class=\"aligncenter wp-image-2943 size-full\" src=\"http:\/\/sicilia.agesci.it\/brancars\/wp-content\/uploads\/sites\/4\/2019\/01\/jolette.jpeg\" alt=\"\" width=\"1074\" height=\"682\" srcset=\"https:\/\/sicilia.agesci.it\/brancars\/wp-content\/uploads\/sites\/4\/2019\/01\/jolette.jpeg 1074w, https:\/\/sicilia.agesci.it\/brancars\/wp-content\/uploads\/sites\/4\/2019\/01\/jolette-300x191.jpeg 300w, https:\/\/sicilia.agesci.it\/brancars\/wp-content\/uploads\/sites\/4\/2019\/01\/jolette-768x488.jpeg 768w, https:\/\/sicilia.agesci.it\/brancars\/wp-content\/uploads\/sites\/4\/2019\/01\/jolette-1024x650.jpeg 1024w\" sizes=\"auto, (max-width: 1074px) 100vw, 1074px\" \/><\/a><\/p>\n<h3><em><strong>CHE COS&#8217;\u00c8?<\/strong><\/em><\/h3>\n<p>La Jo\u00eblette \u00e8 una&nbsp;<strong>carrozzella da fuori strada a ruota unica<\/strong>&nbsp;che permette la pratica di poter far strada e partecipare alle route, ai campi, agli eventi regionali, ogni persona a mobilit\u00e0 ridotta o in situazione di handicap, bambino o adulto, anche se totalmente dipendente, grazie all\u2019aiuto della TUA comunit\u00e0.<\/p>\n<p>L\u2019accompagnatore posteriore assicura l\u2019equilibrio della Jo\u00eblette, l\u2019accompagnatore anteriore invece assicura la trazione e la direzione.<\/p>\n<p><strong>Concepita per far trekking<\/strong>, il limite della Jo\u00eblette dipende solamente dalle capacit\u00e0 degli accompagnatori: ma come ben sappiamo &#8220;UNO POER TUTTI, TUTTI PER UNO!&#8221;<\/p>\n<p>Facilmente pieghevole e leggera e facilmente trasportabile in ogni dove.<\/p>\n<\/div>\n<div class=\"style-scope ytd-video-secondary-info-renderer\">&nbsp;<\/div>\n<div>&nbsp;<\/div>\n<div>\n<p><iframe loading=\"lazy\" title=\"&quot;Per aiutare gli altri in ogni circostanza&quot;\" width=\"500\" height=\"281\" src=\"https:\/\/www.youtube.com\/embed\/KO8bH_5ljV4?feature=oembed\" frameborder=\"0\" allow=\"accelerometer; autoplay; clipboard-write; encrypted-media; gyroscope; picture-in-picture; web-share\" referrerpolicy=\"strict-origin-when-cross-origin\" allowfullscreen><\/iframe><\/p>\n<\/div>\n<div>&nbsp;<\/div>\n<div>&nbsp;<\/div>\n<div id=\"content\" class=\"style-scope ytd-expander\">\n<div id=\"description\" class=\"style-scope ytd-video-secondary-info-renderer\" style=\"text-align: center;\">Tutti ABILI!<\/div>\n<div class=\"style-scope ytd-video-secondary-info-renderer\" style=\"text-align: center;\">L&#8217;AGESCI SIcilia si dota di due carrozzine &#8220;jo\u00eblette&#8221; per vivere tutti insieme l&#8217;avventura e fare strada senza &#8220;limiti&#8221;.<\/div>\n<div class=\"style-scope ytd-video-secondary-info-renderer\" style=\"text-align: center;\">Niente \u00e8 im&#8230;POSSIBILE.<\/div>\n<\/div>\n<div>&nbsp;<\/div>\n<div class=\"single-content\">\n<h3><em><strong>COME USUFRUIRNE?<\/strong><\/em><\/h3>\n<div class=\"page\" title=\"Page 1\">\n<div class=\"layoutArea\">\n<div class=\"column\">\n<p>La sua gestione e custodia e\u0300 affidata agli Incaricati all\u2019Organizzazione unitamente alla Branca R\/S.<br \/>\nLa JO\u00cbLETTE, corredata di un manuale di istruzioni per il montaggio, viene concessa in uso temporaneo col <strong>contributo di \u20ac 5,00 per ogni giornata di utilizzo<\/strong>, <em>previo il versamento di una cauzione<\/em>.<br \/>\nIl trasporto e\u0300 a carico del richiedente.<br \/>\nNel conteggiare le giornate da indennizzare non vanno calcolati il giorno prima e il giorno dopo la manifestazione.<br \/>\nUn incaricato si occupera\u0300 della consegna accertando che le singole parti della portantina siano integre e spiegando le modalita\u0300 del montaggio e utilizzo e ricevera\u0300 la stessa alla sua riconsegna.<br \/>\nVerificate le condizioni restituira\u0300 la cauzione (defalcata del valore del contributo e degli eventuali danni).<br \/>\nLa cauzione va versata al momento del ritiro ed e\u0300 fissata nella misura del 5% del valore di acquisto del materiale e cioe\u0300 \u20ac 190,00 per l\u2019utilizzo della portantina.<br \/>\nLa Jo\u00eblette va riconsegnata entro 2 giorni dal termine del suo utilizzo; per ogni giorno di ritardo (escluso il giorno dopo il termine della manifestazione) sara\u0300 applicata una quota accessoria di \u20ac 5,00 anche quando l\u2019utilizzatore e\u0300 parte delle struttura regionale.<br \/>\nLa richiesta, per tutti i tipi di utilizzo, va effettuata richiedendo e compilando l\u2019<strong>apposito modulo<\/strong> da inoltrare alla segreteria regionale, <a href=\"mailto:segreg@sicilia.agesci.it\">segreg@sicilia.agesci.it<\/a>, con un <strong>preavviso non inferiore a 15 giorni dalla data di utilizzo<\/strong>.<br \/>\nI gestori si riservano l\u2019approvazione della richiesta. Al fine di garantire un ritorno educativo e una risposta adeguata alle esigenze dei nostri ragazzi, si dara\u0300 <strong>precedenza alle richieste pervenute da clan con ragazzi disabili in comunita\u0300<\/strong>.<\/p>\n<p>Le attivita\u0300 regionali dell\u2019AGESCI Sicilia avranno priorita\u0300 anche su prenotazioni precedenti; in tal caso gli interessati saranno contattati almeno 10 gg. prima della data convenuta per l\u2019utilizzo.<\/p>\n<p>Nel caso di utilizzo da parte delle strutture regionali AGESCI il richiedente dovra\u0300 compilare l\u2019apposito modulo, versare la quota di utilizzo ma, sara\u0300 esonerato dal pagamento della cauzione prevista.<\/p>\n<\/div>\n<\/div>\n<\/div>\n<p>&nbsp;<\/p>\n<p style=\"text-align: center;\">&nbsp;<\/p>\n<\/div>\n<p style=\"text-align: center;\">Inviaci le tue foto e raccontaci la tua esperienza di utilizzo della cara amica JO\u00cbLETTE<\/p>\n<p style=\"text-align: center;\">(tramite whatsapp al num. 391.110.162.9)<\/p>\n\n\t\t<style type=\"text\/css\">\n\t\t\t#gallery-1 {\n\t\t\t\tmargin: auto;\n\t\t\t}\n\t\t\t#gallery-1 .gallery-item {\n\t\t\t\tfloat: left;\n\t\t\t\tmargin-top: 10px;\n\t\t\t\ttext-align: center;\n\t\t\t\twidth: 33%;\n\t\t\t}\n\t\t\t#gallery-1 img {\n\t\t\t\tborder: 2px solid #cfcfcf;\n\t\t\t}\n\t\t\t#gallery-1 .gallery-caption {\n\t\t\t\tmargin-left: 0;\n\t\t\t}\n\t\t\t\/* see gallery_shortcode() in wp-includes\/media.php *\/\n\t\t<\/style>\n\t\t<div id='gallery-1' class='gallery galleryid-2942 gallery-columns-3 gallery-size-medium'><dl class='gallery-item'>\n\t\t\t<dt class='gallery-icon landscape'>\n\t\t\t\t<a href='https:\/\/sicilia.agesci.it\/brancars\/joelette\/dsc06998\/'><img loading=\"lazy\" decoding=\"async\" width=\"300\" height=\"200\" src=\"https:\/\/sicilia.agesci.it\/brancars\/wp-content\/uploads\/sites\/4\/2019\/01\/DSC06998-300x200.jpg\" class=\"attachment-medium size-medium\" alt=\"\" aria-describedby=\"gallery-1-2953\" srcset=\"https:\/\/sicilia.agesci.it\/brancars\/wp-content\/uploads\/sites\/4\/2019\/01\/DSC06998-300x200.jpg 300w, https:\/\/sicilia.agesci.it\/brancars\/wp-content\/uploads\/sites\/4\/2019\/01\/DSC06998-768x512.jpg 768w, https:\/\/sicilia.agesci.it\/brancars\/wp-content\/uploads\/sites\/4\/2019\/01\/DSC06998-1024x683.jpg 1024w, https:\/\/sicilia.agesci.it\/brancars\/wp-content\/uploads\/sites\/4\/2019\/01\/DSC06998-750x500.jpg 750w\" sizes=\"auto, (max-width: 300px) 100vw, 300px\" \/><\/a>\n\t\t\t<\/dt>\n\t\t\t\t<dd class='wp-caption-text gallery-caption' id='gallery-1-2953'>\n\t\t\t\tRoute Estiva &#8211; Clan Lentini 2\n\t\t\t\t<\/dd><\/dl><dl class='gallery-item'>\n\t\t\t<dt class='gallery-icon landscape'>\n\t\t\t\t<a href='https:\/\/sicilia.agesci.it\/brancars\/joelette\/dsc07001\/'><img loading=\"lazy\" decoding=\"async\" width=\"300\" height=\"200\" src=\"https:\/\/sicilia.agesci.it\/brancars\/wp-content\/uploads\/sites\/4\/2019\/01\/DSC07001-300x200.jpg\" class=\"attachment-medium size-medium\" alt=\"\" aria-describedby=\"gallery-1-2952\" srcset=\"https:\/\/sicilia.agesci.it\/brancars\/wp-content\/uploads\/sites\/4\/2019\/01\/DSC07001-300x200.jpg 300w, https:\/\/sicilia.agesci.it\/brancars\/wp-content\/uploads\/sites\/4\/2019\/01\/DSC07001-768x512.jpg 768w, https:\/\/sicilia.agesci.it\/brancars\/wp-content\/uploads\/sites\/4\/2019\/01\/DSC07001-1024x683.jpg 1024w, https:\/\/sicilia.agesci.it\/brancars\/wp-content\/uploads\/sites\/4\/2019\/01\/DSC07001-750x500.jpg 750w\" sizes=\"auto, (max-width: 300px) 100vw, 300px\" \/><\/a>\n\t\t\t<\/dt>\n\t\t\t\t<dd class='wp-caption-text gallery-caption' id='gallery-1-2952'>\n\t\t\t\tRoute Estiva &#8211; Clan Lentini 2\n\t\t\t\t<\/dd><\/dl><dl class='gallery-item'>\n\t\t\t<dt class='gallery-icon landscape'>\n\t\t\t\t<a href='https:\/\/sicilia.agesci.it\/brancars\/joelette\/whatsapp-image-2019-01-11-at-16-22-53-2\/'><img loading=\"lazy\" decoding=\"async\" width=\"300\" height=\"225\" src=\"https:\/\/sicilia.agesci.it\/brancars\/wp-content\/uploads\/sites\/4\/2019\/01\/WhatsApp-Image-2019-01-11-at-16.22.53-2-300x225.jpeg\" class=\"attachment-medium size-medium\" alt=\"\" aria-describedby=\"gallery-1-2948\" srcset=\"https:\/\/sicilia.agesci.it\/brancars\/wp-content\/uploads\/sites\/4\/2019\/01\/WhatsApp-Image-2019-01-11-at-16.22.53-2-300x225.jpeg 300w, https:\/\/sicilia.agesci.it\/brancars\/wp-content\/uploads\/sites\/4\/2019\/01\/WhatsApp-Image-2019-01-11-at-16.22.53-2-768x576.jpeg 768w, https:\/\/sicilia.agesci.it\/brancars\/wp-content\/uploads\/sites\/4\/2019\/01\/WhatsApp-Image-2019-01-11-at-16.22.53-2-1024x768.jpeg 1024w, https:\/\/sicilia.agesci.it\/brancars\/wp-content\/uploads\/sites\/4\/2019\/01\/WhatsApp-Image-2019-01-11-at-16.22.53-2.jpeg 1152w\" sizes=\"auto, (max-width: 300px) 100vw, 300px\" \/><\/a>\n\t\t\t<\/dt>\n\t\t\t\t<dd class='wp-caption-text gallery-caption' id='gallery-1-2948'>\n\t\t\t\tROSS SICILIA 2017 &#8211; MESSINA\n\t\t\t\t<\/dd><\/dl><br style=\"clear: both\" \/><dl class='gallery-item'>\n\t\t\t<dt class='gallery-icon landscape'>\n\t\t\t\t<a href='https:\/\/sicilia.agesci.it\/brancars\/joelette\/whatsapp-image-2019-01-11-at-16-22-53-1\/'><img loading=\"lazy\" decoding=\"async\" width=\"300\" height=\"200\" src=\"https:\/\/sicilia.agesci.it\/brancars\/wp-content\/uploads\/sites\/4\/2019\/01\/WhatsApp-Image-2019-01-11-at-16.22.53-1-300x200.jpeg\" class=\"attachment-medium size-medium\" alt=\"\" aria-describedby=\"gallery-1-2947\" srcset=\"https:\/\/sicilia.agesci.it\/brancars\/wp-content\/uploads\/sites\/4\/2019\/01\/WhatsApp-Image-2019-01-11-at-16.22.53-1-300x200.jpeg 300w, https:\/\/sicilia.agesci.it\/brancars\/wp-content\/uploads\/sites\/4\/2019\/01\/WhatsApp-Image-2019-01-11-at-16.22.53-1-768x512.jpeg 768w, https:\/\/sicilia.agesci.it\/brancars\/wp-content\/uploads\/sites\/4\/2019\/01\/WhatsApp-Image-2019-01-11-at-16.22.53-1-750x500.jpeg 750w, https:\/\/sicilia.agesci.it\/brancars\/wp-content\/uploads\/sites\/4\/2019\/01\/WhatsApp-Image-2019-01-11-at-16.22.53-1.jpeg 959w\" sizes=\"auto, (max-width: 300px) 100vw, 300px\" \/><\/a>\n\t\t\t<\/dt>\n\t\t\t\t<dd class='wp-caption-text gallery-caption' id='gallery-1-2947'>\n\t\t\t\tROSS SICILIA 2017 &#8211; MESSINA\n\t\t\t\t<\/dd><\/dl>\n\t\t\t<br style='clear: both' \/>\n\t\t<\/div>\n\n","protected":false},"excerpt":{"rendered":"<p>\u201cPer aiutare gli altri in ogni circostanza\u201d Le risorse economiche spettanti ad Agesci Sicilia, quale suddivisione cinque per mille, raccolto dall\u2019Agesci Nazionale, quest\u2019anno sono state messi a disposizione per l\u2019acquisto [&hellip;]<\/p>\n","protected":false},"author":24,"featured_media":0,"parent":0,"menu_order":0,"comment_status":"closed","ping_status":"closed","template":"","meta":{"ngg_post_thumbnail":0,"footnotes":""},"categories":[],"tags":[],"class_list":["post-2942","page","type-page","status-publish","hentry"],"_links":{"self":[{"href":"https:\/\/sicilia.agesci.it\/brancars\/wp-json\/wp\/v2\/pages\/2942","targetHints":{"allow":["GET"]}}],"collection":[{"href":"https:\/\/sicilia.agesci.it\/brancars\/wp-json\/wp\/v2\/pages"}],"about":[{"href":"https:\/\/sicilia.agesci.it\/brancars\/wp-json\/wp\/v2\/types\/page"}],"author":[{"embeddable":true,"href":"https:\/\/sicilia.agesci.it\/brancars\/wp-json\/wp\/v2\/users\/24"}],"replies":[{"embeddable":true,"href":"https:\/\/sicilia.agesci.it\/brancars\/wp-json\/wp\/v2\/comments?post=2942"}],"version-history":[{"count":4,"href":"https:\/\/sicilia.agesci.it\/brancars\/wp-json\/wp\/v2\/pages\/2942\/revisions"}],"predecessor-version":[{"id":3452,"href":"https:\/\/sicilia.agesci.it\/brancars\/wp-json\/wp\/v2\/pages\/2942\/revisions\/3452"}],"wp:attachment":[{"href":"https:\/\/sicilia.agesci.it\/brancars\/wp-json\/wp\/v2\/media?parent=2942"}],"wp:term":[{"taxonomy":"category","embeddable":true,"href":"https:\/\/sicilia.agesci.it\/brancars\/wp-json\/wp\/v2\/categories?post=2942"},{"taxonomy":"post_tag","embeddable":true,"href":"https:\/\/sicilia.agesci.it\/brancars\/wp-json\/wp\/v2\/tags?post=2942"}],"curies":[{"name":"wp","href":"https:\/\/api.w.org\/{rel}","templated":true}]}}