{"id":3236,"date":"2021-02-11T18:53:40","date_gmt":"2021-02-11T17:53:40","guid":{"rendered":"http:\/\/sicilia.agesci.it\/brancars\/?page_id=3236"},"modified":"2021-03-05T16:06:24","modified_gmt":"2021-03-05T15:06:24","slug":"piccolipassi2021","status":"publish","type":"page","link":"https:\/\/sicilia.agesci.it\/brancars\/piccolipassi2021\/","title":{"rendered":"#PiccoliPassi2021"},"content":{"rendered":"<p style=\"text-align: center\"><span style=\"font-size: 36pt\"><strong>&#8220;Tutto sui #PiccoliPassi&#8221;<\/strong><\/span><\/p>\n<p style=\"text-align: center\"><a href=\"https:\/\/sicilia.agesci.it\/brancars\/wp-content\/uploads\/sites\/4\/2021\/02\/logo-piccoli-passi.jpg\"><img loading=\"lazy\" decoding=\"async\" class=\"aligncenter wp-image-3245 \" src=\"https:\/\/sicilia.agesci.it\/brancars\/wp-content\/uploads\/sites\/4\/2021\/02\/logo-piccoli-passi-300x295.jpg\" alt=\"\" width=\"334\" height=\"328\" srcset=\"https:\/\/sicilia.agesci.it\/brancars\/wp-content\/uploads\/sites\/4\/2021\/02\/logo-piccoli-passi-300x295.jpg 300w, https:\/\/sicilia.agesci.it\/brancars\/wp-content\/uploads\/sites\/4\/2021\/02\/logo-piccoli-passi-1024x1006.jpg 1024w, https:\/\/sicilia.agesci.it\/brancars\/wp-content\/uploads\/sites\/4\/2021\/02\/logo-piccoli-passi-768x755.jpg 768w, https:\/\/sicilia.agesci.it\/brancars\/wp-content\/uploads\/sites\/4\/2021\/02\/logo-piccoli-passi-1536x1509.jpg 1536w, https:\/\/sicilia.agesci.it\/brancars\/wp-content\/uploads\/sites\/4\/2021\/02\/logo-piccoli-passi-2048x2012.jpg 2048w\" sizes=\"auto, (max-width: 334px) 100vw, 334px\" \/><\/a><\/p>\n<p>&nbsp;<\/p>\n<p style=\"text-align: center\">Benvenuti nella pagina di approfondimento sui &#8220;<strong>#Piccolipassi &#8211; Piccole Esperienze di Progressione Personale 2021<\/strong>&#8220;. Qui di seguito troverete tutte le <strong>informazioni utili<\/strong> per partecipare a questi eventi speciali, materiale informativo, linee guida, ecc.<\/p>\n<p>&nbsp;<\/p>\n<p style=\"text-align: center\">Per guardare il <strong><span style=\"color: #ff0000;font-size: 18pt\">TEASER UFFICIALE<\/span> <span style=\"color: #3366ff\"><a style=\"color: #3366ff\" href=\"https:\/\/drive.google.com\/file\/d\/1lS4dGKwIp-Jfq0WHTIhFb4LcJBBHoopp\/view?usp=sharing\">clicca qui<\/a><\/span><\/strong>.<\/p>\n<div style=\"text-align: center\">&nbsp;<\/div>\n<div>&nbsp;<\/div>\n<div>\n<div><span style=\"color: #ff0000;font-size: 18pt\"><i><b>#PiccoliPassi2021<\/b><\/i><\/span><\/div>\n<div>&nbsp;<\/div>\n<div><i>La lista con l&#8217;elenco dei vari #piccolipassi <\/i><\/div>\n<div>&nbsp;<\/div>\n<div><span style=\"color: #3366ff\"><strong><a style=\"color: #3366ff\" href=\"https:\/\/drive.google.com\/file\/d\/14AZ7KpIXurrpHueP6R-igA8jVXp4fB7W\/view?usp=sharing\">Clicca qui<\/a><\/strong><\/span> per scaricare la <strong>brochure<\/strong> degli eventi.<\/div>\n<\/div>\n<div><i>&nbsp;<\/i><\/div>\n<div>&nbsp;<\/div>\n<div>\n<div><span style=\"color: #ff0000;font-size: 18pt\"><i><b>Come funziona il percorso che vivranno i partecipanti all&#8217;evento?&nbsp;<\/b><\/i><\/span><\/div>\n<div>&nbsp;<\/div>\n<div><a href=\"https:\/\/sicilia.agesci.it\/brancars\/wp-content\/uploads\/sites\/4\/2021\/02\/schemaPP.jpeg\"><img loading=\"lazy\" decoding=\"async\" class=\"wp-image-3249 aligncenter\" src=\"https:\/\/sicilia.agesci.it\/brancars\/wp-content\/uploads\/sites\/4\/2021\/02\/schemaPP-300x212.jpeg\" alt=\"\" width=\"500\" height=\"353\" srcset=\"https:\/\/sicilia.agesci.it\/brancars\/wp-content\/uploads\/sites\/4\/2021\/02\/schemaPP-300x212.jpeg 300w, https:\/\/sicilia.agesci.it\/brancars\/wp-content\/uploads\/sites\/4\/2021\/02\/schemaPP-1024x724.jpeg 1024w, https:\/\/sicilia.agesci.it\/brancars\/wp-content\/uploads\/sites\/4\/2021\/02\/schemaPP-768x543.jpeg 768w, https:\/\/sicilia.agesci.it\/brancars\/wp-content\/uploads\/sites\/4\/2021\/02\/schemaPP-1536x1086.jpeg 1536w, https:\/\/sicilia.agesci.it\/brancars\/wp-content\/uploads\/sites\/4\/2021\/02\/schemaPP.jpeg 1600w\" sizes=\"auto, (max-width: 500px) 100vw, 500px\" \/><\/a><\/div>\n<div>&nbsp;<\/div>\n<div><span style=\"color: #ff0000;font-size: 18pt\"><b>Qual \u00e8 il ruolo dei Capi Clan\/Fuoco dei ragazzi che partecipano ai #piccolipassi?&nbsp;<\/b><\/span><\/div>\n<div>&nbsp;<\/div>\n<div>\n<div class=\"page\" title=\"Page 1\">\n<div class=\"layoutArea\">\n<div class=\"column\">\n<p><strong>Carissimi Capi Clan\/Fuoco<\/strong>, se un vostro rover\/scolta ha deciso di partecipare alla proposta de \u201c<strong>l\u2019arte dei piccoli passi<\/strong>\u201d &#8211; gli eventi di progressione personale a partecipazione individuale 2021- <strong>questo testo e\u0300 dedicato a voi<\/strong>!<\/p>\n<\/div>\n<\/div>\n<\/div>\n<p><span style=\"color: #3366ff\"><strong><a style=\"color: #3366ff\" href=\"https:\/\/sicilia.agesci.it\/brancars\/wp-content\/uploads\/sites\/4\/2021\/02\/lettera-ai-capiclan-mod.pdf\">Clicca qui<\/a><\/strong><\/span> per scaricare il documento<\/p>\n<\/div>\n<div>&nbsp;<\/div>\n<div>\n<p><span style=\"color: #ff0000;font-size: 18pt\"><b>Linee Guida per capi evento&nbsp;<\/b><\/span><\/p>\n<\/div>\n<div>&nbsp;<\/div>\n<div>Il ragionamento metodologico e pedagogico della proposta, obiettivi educativi e modalit\u00e0 di realizzazione, il tutto nascente dall\u2019incontro con la Pattuglia Regionale di Branca RS, i Capi Evento e gli IABZ. L&#8217;intento \u00e8 quello di realizzare, attraverso <strong>esperienze reali&nbsp;<\/strong>da fare&nbsp;<strong>nel proprio territorio,<\/strong>&nbsp;finalizzate all\u2019<strong>incontro<\/strong>&nbsp;ed illuminate dalla&nbsp;<strong>Parola di Dio<\/strong>&nbsp;e dal&nbsp;<strong>tema<\/strong> degli eventi stessi, piccoli momenti di crescita dei nostri RS nel loro cammino di Progressione Personale.<\/div>\n<div>&nbsp;<\/div>\n<div><span style=\"color: #3366ff\"><em><a style=\"color: #3366ff\" href=\"https:\/\/sicilia.agesci.it\/brancars\/wp-content\/uploads\/sites\/4\/2020\/12\/PICCOLI-PASSI-LINEE-GUIDA-PER-CAPI-EVENTO.pdf\"><span style=\"text-decoration: underline\"><strong>Clicca qui<\/strong><\/span><\/a> <\/em><\/span>e scarica il documento.&nbsp;<\/div>\n<div>&nbsp;<\/div>\n<div><strong><u><em><span style=\"color: #3366ff\"><a style=\"color: #3366ff\" href=\"https:\/\/drive.google.com\/file\/d\/1hJu8Tn_8-rV4Ja_e0GtUxkTr5AarHc_r\/view?usp=sharing\">Clicca qui<\/a><\/span><\/em><\/u><\/strong>per scaricare le slide riassuntive<\/div>\n<\/div>\n<div>&nbsp;<\/div>\n<div>&nbsp;<\/div>\n<div>\n<div><span style=\"color: #ff0000;font-size: 18pt\"><b>Il logo&nbsp;<\/b><\/span><\/div>\n<div>&nbsp;<\/div>\n<div>Per scaricare il <strong>logo<\/strong> dell&#8217;evento <a href=\"https:\/\/drive.google.com\/file\/d\/1IPbbb6q9F8uKO_mVyzqvOIPR_gJWDxWW\/view?usp=sharing\"><span style=\"text-decoration: underline\"><em><span style=\"color: #3366ff;text-decoration: underline\"><strong>clicca qui<\/strong><\/span><\/em><\/span><\/a><\/div>\n<\/div>\n<div>&nbsp;<\/div>\n<div>&nbsp;<\/div>\n<div style=\"text-align: right\"><span style=\"color: #ff0000;font-size: 18pt\"><b>#ChiedoPerUnAmico<\/b><\/span><\/div>\n<div>\n<p><strong>Domande frequenti sui #PiccoliPassi <\/strong><br \/>\n&#8212;&#8212;<br \/>\n\u2753 <strong>A chi \u00e8 rivolta l&#8217;esperienza dei PiccoliPassi?<\/strong><br \/>\n\u2757L&#8217;esperienza \u00e8 rivolta ai novizi e agli RS nei passi di scoperta e nei passi di competenza.<\/p>\n<p>\u2753 <strong>Quando iniziano le iscrizioni, quando chiudono<\/strong><br \/>\n\u2757Le iscrizioni iniziano l&#8217;8 marzo e chiudono il 14 marzo, su Buonacaccia.<\/p>\n<p>\u2753 <strong>C&#8217;\u00e8 una quota da pagare?<\/strong><br \/>\n\u2757No, l&#8217;iscrizione \u00e8 gratuita.<\/p>\n<p>\u2753 <strong>Cosa serve per iscriversi?<\/strong><br \/>\n\u2757Serve: codice censimento, numero del cellulare, riferimento anno di clan, presentazione personale del ragazzo, presentazione del ragazzo da parte del capo clan (chieder\u00e0 tutto buonacaccia).<\/p>\n<p>\u2753 <strong>I ragazzi devono essere censiti per partecipare?<\/strong><br \/>\n\u2757Si<\/p>\n<p>\u2753 <strong>Quanti ragazzi dello stesso gruppo possono iscriversi?<\/strong><br \/>\n\u2757Due massimo.<\/p>\n<p>\u2753 <strong>Quanti da fuori regione? <\/strong><\/p>\n<p>\u2757Quattro RS per ogni #piccolopasso.<\/p>\n<p><strong>\u2753 Qual \u00e8 il ruolo dello staff RS? <\/strong><br \/>\n\u2757il supporto dei capi \u00e8 molto importante, perch\u00e9 \u00e8 lo staff RS che dovr\u00e0 seguire gli RS nelle esperienze sul territorio e mantiene con loro la relazione educativa.<\/p>\n<p><strong>\u2753 Lo staff RS pu\u00f2 contattare i capi evento per avere eventuali maggiori informazioni?<\/strong><br \/>\n\u2757Certamente. La sinergia tra capi evento e capi clan\/fuoco\/Mdn \u00e8 fondamentale per la buona riuscita dell&#8217;evento.<\/p>\n<p><strong>\u2753 Qual \u00e8 il ruolo della comunit\u00e0 RS? <\/strong><br \/>\n\u2757 La comunit\u00e0 RS segue e sostiene l&#8217;esperienza del singolo partecipante e si arricchisce dei contenuti che saranno condivisi dal partecipante alla fine del piccolo passo.<\/p>\n<\/div>\n","protected":false},"excerpt":{"rendered":"<p>&#8220;Tutto sui #PiccoliPassi&#8221; &nbsp; Benvenuti nella pagina di approfondimento sui &#8220;#Piccolipassi &#8211; Piccole Esperienze di Progressione Personale 2021&#8220;. Qui di seguito troverete tutte le informazioni utili per partecipare a questi [&hellip;]<\/p>\n","protected":false},"author":24,"featured_media":0,"parent":0,"menu_order":0,"comment_status":"closed","ping_status":"closed","template":"","meta":{"ngg_post_thumbnail":0,"footnotes":""},"categories":[23,28,673,66],"tags":[],"class_list":["post-3236","page","type-page","status-publish","hentry","category-branca-rs","category-capi-rs","category-in-evidenza","category-rs"],"_links":{"self":[{"href":"https:\/\/sicilia.agesci.it\/brancars\/wp-json\/wp\/v2\/pages\/3236","targetHints":{"allow":["GET"]}}],"collection":[{"href":"https:\/\/sicilia.agesci.it\/brancars\/wp-json\/wp\/v2\/pages"}],"about":[{"href":"https:\/\/sicilia.agesci.it\/brancars\/wp-json\/wp\/v2\/types\/page"}],"author":[{"embeddable":true,"href":"https:\/\/sicilia.agesci.it\/brancars\/wp-json\/wp\/v2\/users\/24"}],"replies":[{"embeddable":true,"href":"https:\/\/sicilia.agesci.it\/brancars\/wp-json\/wp\/v2\/comments?post=3236"}],"version-history":[{"count":21,"href":"https:\/\/sicilia.agesci.it\/brancars\/wp-json\/wp\/v2\/pages\/3236\/revisions"}],"predecessor-version":[{"id":3267,"href":"https:\/\/sicilia.agesci.it\/brancars\/wp-json\/wp\/v2\/pages\/3236\/revisions\/3267"}],"wp:attachment":[{"href":"https:\/\/sicilia.agesci.it\/brancars\/wp-json\/wp\/v2\/media?parent=3236"}],"wp:term":[{"taxonomy":"category","embeddable":true,"href":"https:\/\/sicilia.agesci.it\/brancars\/wp-json\/wp\/v2\/categories?post=3236"},{"taxonomy":"post_tag","embeddable":true,"href":"https:\/\/sicilia.agesci.it\/brancars\/wp-json\/wp\/v2\/tags?post=3236"}],"curies":[{"name":"wp","href":"https:\/\/api.w.org\/{rel}","templated":true}]}}