{"id":3082,"date":"2023-02-28T23:09:08","date_gmt":"2023-02-28T22:09:08","guid":{"rendered":"https:\/\/sicilia.agesci.it\/csd\/?page_id=3082"},"modified":"2023-03-06T09:56:48","modified_gmt":"2023-03-06T08:56:48","slug":"giuseppe-muratore","status":"publish","type":"page","link":"https:\/\/sicilia.agesci.it\/csd\/giuseppe-muratore\/","title":{"rendered":"Giuseppe Muratore"},"content":{"rendered":"<table style=\"border-collapse: collapse; width: 100%;\">\n<tbody>\n<tr>\n<td style=\"width: 59.1301%;\">Sabato 25 febbraio 2023, Giuseppe Muratore, da tutti conosciuto come Peppino, \u00e8 tornato alla Casa del Padre; marted\u00ec 28 febbraio si sono svolti i funerali.<\/p>\n<p>Peppino \u00e8 stato uno dei capi fondatori del Gruppo Palermo 7 FSE (nato nel 1977) e Akela per tantissimi anni all\u2019interno del Gruppo.<\/p>\n<p>Uomo carismatico e di grande cultura, si \u00e8 formato scautisticamente nella branca Lupetti, ricevendo il brevetto di capo nel 1983.<\/p>\n<p>Ha svolto diversi servizi associativi, fra cui quello di incaricato di distretto e di incaricato regionale alla branca Lupetti dell&#8217;FSE. Ha avuto un ruolo molto attivo all\u2019interno della pattuglia nazionale Lupetti, prestando servizio in diversi campi scuola e ricevendo il terzo tizzone nel 1995.<\/p>\n<p>Per la sua profonda conoscenza del Metodo e della storia scout regionale, ha fatto parte del comitato scientifico inter-associativo del Centro studi e documentazione Agesci Sicilia.<\/p>\n<p>Ha lavorato come ragioniere per le Ferrovie dello Stato e negli ultimi anni aveva creato una piccola cantina vinicola.<\/td>\n<td style=\"width: 40.8699%;\"><a href=\"https:\/\/sicilia.agesci.it\/csd\/wp-content\/uploads\/sites\/6\/2023\/03\/muratore.jpg\"><img loading=\"lazy\" decoding=\"async\" class=\"aligncenter wp-image-3095 size-medium\" src=\"https:\/\/sicilia.agesci.it\/csd\/wp-content\/uploads\/sites\/6\/2023\/03\/muratore-214x300.jpg\" alt=\"\" width=\"214\" height=\"300\" srcset=\"https:\/\/sicilia.agesci.it\/csd\/wp-content\/uploads\/sites\/6\/2023\/03\/muratore-214x300.jpg 214w, https:\/\/sicilia.agesci.it\/csd\/wp-content\/uploads\/sites\/6\/2023\/03\/muratore-731x1024.jpg 731w, https:\/\/sicilia.agesci.it\/csd\/wp-content\/uploads\/sites\/6\/2023\/03\/muratore-768x1075.jpg 768w, https:\/\/sicilia.agesci.it\/csd\/wp-content\/uploads\/sites\/6\/2023\/03\/muratore.jpg 1079w\" sizes=\"auto, (max-width: 214px) 100vw, 214px\" \/><\/a><\/td>\n<\/tr>\n<\/tbody>\n<\/table>\n<p>&nbsp;<\/p>\n<div style=\"clear:both;\"><\/div>","protected":false},"excerpt":{"rendered":"<p>Sabato 25 febbraio 2023, Giuseppe Muratore, da tutti conosciuto come Peppino, \u00e8 tornato alla Casa del Padre; marted\u00ec 28 febbraio si sono svolti i funerali. Peppino \u00e8 stato uno dei [&hellip;]<\/p>\n","protected":false},"author":2,"featured_media":0,"parent":0,"menu_order":0,"comment_status":"closed","ping_status":"closed","template":"","meta":{"ngg_post_thumbnail":0,"footnotes":""},"categories":[97],"tags":[],"class_list":["post-3082","page","type-page","status-publish","hentry","category-hanno-lasciato-una-traccia"],"jetpack_sharing_enabled":true,"_links":{"self":[{"href":"https:\/\/sicilia.agesci.it\/csd\/wp-json\/wp\/v2\/pages\/3082","targetHints":{"allow":["GET"]}}],"collection":[{"href":"https:\/\/sicilia.agesci.it\/csd\/wp-json\/wp\/v2\/pages"}],"about":[{"href":"https:\/\/sicilia.agesci.it\/csd\/wp-json\/wp\/v2\/types\/page"}],"author":[{"embeddable":true,"href":"https:\/\/sicilia.agesci.it\/csd\/wp-json\/wp\/v2\/users\/2"}],"replies":[{"embeddable":true,"href":"https:\/\/sicilia.agesci.it\/csd\/wp-json\/wp\/v2\/comments?post=3082"}],"version-history":[{"count":5,"href":"https:\/\/sicilia.agesci.it\/csd\/wp-json\/wp\/v2\/pages\/3082\/revisions"}],"predecessor-version":[{"id":3096,"href":"https:\/\/sicilia.agesci.it\/csd\/wp-json\/wp\/v2\/pages\/3082\/revisions\/3096"}],"wp:attachment":[{"href":"https:\/\/sicilia.agesci.it\/csd\/wp-json\/wp\/v2\/media?parent=3082"}],"wp:term":[{"taxonomy":"category","embeddable":true,"href":"https:\/\/sicilia.agesci.it\/csd\/wp-json\/wp\/v2\/categories?post=3082"},{"taxonomy":"post_tag","embeddable":true,"href":"https:\/\/sicilia.agesci.it\/csd\/wp-json\/wp\/v2\/tags?post=3082"}],"curies":[{"name":"wp","href":"https:\/\/api.w.org\/{rel}","templated":true}]}}