{"id":3683,"date":"2024-01-02T16:27:00","date_gmt":"2024-01-02T15:27:00","guid":{"rendered":"https:\/\/sicilia.agesci.it\/csd\/?page_id=3683"},"modified":"2024-01-24T14:46:29","modified_gmt":"2024-01-24T13:46:29","slug":"canti-scout-siciliani","status":"publish","type":"page","link":"https:\/\/sicilia.agesci.it\/csd\/canti-scout-siciliani\/","title":{"rendered":"Canti scout siciliani"},"content":{"rendered":"<p><a href=\"https:\/\/sicilia.agesci.it\/csd\/wp-content\/uploads\/sites\/6\/2024\/01\/canti-1.jpg\"><img loading=\"lazy\" decoding=\"async\" class=\"size-medium wp-image-3830 alignleft\" src=\"https:\/\/sicilia.agesci.it\/csd\/wp-content\/uploads\/sites\/6\/2024\/01\/canti-1-300x234.jpg\" alt=\"\" width=\"300\" height=\"234\" srcset=\"https:\/\/sicilia.agesci.it\/csd\/wp-content\/uploads\/sites\/6\/2024\/01\/canti-1-300x234.jpg 300w, https:\/\/sicilia.agesci.it\/csd\/wp-content\/uploads\/sites\/6\/2024\/01\/canti-1.jpg 396w\" sizes=\"auto, (max-width: 300px) 100vw, 300px\" \/><\/a>Qui si trova l&#8217;elenco dei canti scout dei grandi eventi regionali o degli eventi nazionali realizzati da autori siciliani. L&#8217;elenco \u00e8 in costante aggiornamento. Chi volesse integrarne qualcuno mancante lo pu\u00f2 segnalare ad archivio [at] sicilia.agesci.it<\/p>\n<p>&nbsp;<\/p>\n<p style=\"line-height: 5px\"><strong>Apremu li porti<\/strong> &#8211; 1985? &#8211; <a href=\"https:\/\/agesci.sharepoint.com\/:i:\/s\/ArchivioCSDSicilia\/ER-f2a7Qst1HoMtoY0I0CNcB5CYogJrWjJCGHqc_BhNUmg?e=Q39hkw\">Testo<\/a> e musica di Enzo Caruso &#8211; <a href=\"https:\/\/agesci.sharepoint.com\/:u:\/s\/ArchivioCSDSicilia\/EWYYO_hl1dFAju7Yo2noTdABOlJ4HRQXWSINGmBfCfOXwQ?e=yu4w2R\">mp3<\/a>&nbsp;<\/p>\n<p style=\"line-height: 10px;text-align: right\"><span style=\"font-size: 10pt\">Canto del Campo regionale E\/G 1986 Agesci<\/span><\/p>\n<p style=\"line-height: 5px\"><strong>Apri le ali<\/strong> &#8211; <a href=\"https:\/\/agesci.sharepoint.com\/:i:\/s\/ArchivioCSDSicilia\/EeS0SgABy5RBq29ayiDzLwoB0ycF9DfZr5jobNQRxGXNvA?e=uQSbOE\">Testo<\/a> e musica di Enzo Caruso &#8211; mp3&nbsp;<\/p>\n<p style=\"line-height: 10px;text-align: right\"><span style=\"font-size: 10pt\">Canto per la G.M. &#8217;97, arrangiamento Carmelo Travia<\/span><\/p>\n<p style=\"line-height: 5px\"><strong>Azimut<\/strong> (Andare al sud) &#8211; 2007 &#8211; <a href=\"https:\/\/agesci.sharepoint.com\/:w:\/s\/ArchivioCSDSicilia\/EcoRTbDOMTJKlQdt64ryBDsBSJy8t283oNrhBS6GoVOztA?e=fgbUjl\">Testo<\/a> e musica di Enzo Caruso &#8211; mp3<\/p>\n<p style=\"line-height: 15px;text-align: right;padding-left: 250px\"><span style=\"font-size: 10pt\">Canto scritto per l&#8217;incontro nazionale Agesci dei Capi Formatori nel 2007 (NTT). <\/span><span style=\"font-size: 10pt\">E&#8217; un chiaro riferimento al fatto che prima di puntare a ci\u00f2 che si d\u00e0 per scontato \u00e8 bene fare &#8220;un giro largo&#8221; e conoscere ci\u00f2 che i pregiudizi a volte ci precludono.&nbsp;&#8220;Andare al Sud&#8221; prima di puntare a Nord ha questo significato. (E. Caruso, 7-1-2013)<\/span><\/p>\n<p style=\"line-height: 10px\"><strong>Canzone del Massar-Jam &#8217;85<\/strong> &#8211; <a href=\"https:\/\/agesci.sharepoint.com\/:i:\/s\/ArchivioCSDSicilia\/EWMIoSqS1FpOgP8IhBbjnzUBsl1Nsy9Ukdijv8AWmcjq9Q?e=dxhtxH\">Testo<\/a><\/p>\n<p style=\"line-height: 5px;text-align: right\"><span style=\"font-size: 10pt\">Canto dell&#8217;evento internazionale tenuto alla Massariotta<\/span><\/p>\n<p style=\"line-height: 10px\"><strong>Dammi un&#8217;idea<\/strong> &#8211; <a href=\"https:\/\/agesci.sharepoint.com\/:i:\/s\/ArchivioCSDSicilia\/ESuqib26uRFOipHTIRze3EsBD2HUKpp5fSAsbnnBRn2YUg?e=jdVUA8\">Testo<\/a> e musica di Enzo Caruso &#8211; mp3<\/p>\n<p style=\"line-height: 5px;text-align: right\"><span style=\"font-size: 10pt\">Guidoncini verdi Agesci &#8211; Bracciano 1996; Arrangiamento Carmelo Travia<\/span><\/p>\n<p style=\"line-height: 10px\"><strong>Danza araba<\/strong> &#8211; <a href=\"https:\/\/agesci.sharepoint.com\/:i:\/s\/ArchivioCSDSicilia\/EXCjVARMloFNjNQSMdnMfI4BVmmDWUEOp2ixmMFRm_m_lg?e=Hg9dSG\">Testo<\/a> e musica di Enzo Caruso &#8211; mp3<\/p>\n<p style=\"line-height: 5px;text-align: right\"><span style=\"font-size: 10pt\">Canto del sottocampo Simbad del Campo regionale E\/G Agesci del 1986<\/span><\/p>\n<p style=\"line-height: 10px\"><strong>Giona &#8217;91<\/strong> &#8211; <a href=\"https:\/\/agesci.sharepoint.com\/:i:\/s\/ArchivioCSDSicilia\/EUDzHFIT_SJOvrWcHA1rwXYBFV5xoBIZhF636gWq3mP6zg?e=9gcwX2\">Testo<\/a> e musica di Enzo Caruso &#8211; mp3<\/p>\n<p style=\"line-height: 5px;text-align: right\"><span style=\"font-size: 10pt\">Canto del Convegno Fede nazionale Agesci &#8211; 1991; Arrangiamento Carmelo Travia<\/span><\/p>\n<p style=\"line-height: 10px\"><strong>Ho camminato<\/strong> &#8211; <a href=\"https:\/\/agesci.sharepoint.com\/:i:\/s\/ArchivioCSDSicilia\/ER_xeBxmfFNLguutmbf0zL8B4QyDS-cSLjUySH4WtEVpig?e=jxXVMC\">Testo<\/a> e musica di Enzo Caruso &#8211; mp3<\/p>\n<p style=\"line-height: 5px;text-align: right\"><span style=\"font-size: 10pt\">Arrangiamento Carmelo Travia<\/span><\/p>\n<p style=\"line-height: 10px\"><strong>Il giorno e le stagioni<\/strong> &#8211; <a href=\"https:\/\/agesci.sharepoint.com\/:i:\/s\/ArchivioCSDSicilia\/EZSLqLo4w91Eg8LkY3beAgYBmzBPBxYFNNq9vvnytY61xg?e=NUs5Wz\">Testo<\/a> e musica di Enzo Caruso &#8211; mp3<\/p>\n<p style=\"line-height: 5px;text-align: right\"><span style=\"font-size: 10pt\">Evento regionale Fo.Ca.; Arrangiamento Matteo Brancato<\/span><\/p>\n<p style=\"line-height: 10px\"><strong>Inno degli Esploratori Cattolici Siciliani<\/strong> &#8211; <a href=\"https:\/\/agesci.sharepoint.com\/:b:\/s\/ArchiviotempAgesciSicilia\/EQeL669HSJVFiPzt2qTChrwB_6QeqxI0LoCP20B9tlmIEw?e=d0ZENw\">Testo<\/a> e <a href=\"https:\/\/agesci.sharepoint.com\/:u:\/s\/ArchiviotempAgesciSicilia\/EQ3lZYzZ1ltImN5jixSspZUBNvSvQpiyzKjH3CujGBYEfQ?e=yagGeq\">musica<\/a> di p. Isidoro da Monreale (1946)<\/p>\n<p style=\"line-height: 5px;text-align: right\"><span style=\"font-size: 10pt\">Arrangiamento Lino Palermo<\/span>&nbsp;<\/p>\n<p style=\"line-height: 10px\"><strong>L&#8217;Acqua, la Terra e il Cielo<\/strong> &#8211; 1983 &#8211; <a href=\"https:\/\/agesci.sharepoint.com\/:w:\/s\/ArchivioCSDSicilia\/EVmD56L9BwNHldSfMDbb5-cBP_0pp6Ji5PHKvDlpHHR1Nw?e=wosL3e\">Testo<\/a> e musica di Enzo Caruso (originale) &#8211; mp3<\/p>\n<p style=\"line-height: 5px;text-align: right;padding-left: 40px\"><span style=\"font-size: 10pt\">Uno dei canti del 1\u00b0 Campo Nazionale E\/G AGESCI del 1983; arrangiamento Carmelo Travia<\/span><\/p>\n<p style=\"line-height: 10px\"><strong>La cicala<\/strong> &#8211; <a href=\"https:\/\/agesci.sharepoint.com\/:i:\/s\/ArchivioCSDSicilia\/Ea6YZpz_v-ZCtBtGJM0CBOwBUvqSUDwOGPFes071v28RNw?e=OA5E1D\">Testo<\/a> e musica di Francesco Caramagno &#8211; mp3<\/p>\n<p style=\"line-height: 5px;text-align: right\"><span style=\"font-size: 10pt\">Canto del Festival della Cicala del 1985<\/span><\/p>\n<p style=\"line-height: 10px\"><strong>La girandola<\/strong> &#8211; <a href=\"https:\/\/agesci.sharepoint.com\/:w:\/s\/ArchivioCSDSicilia\/EYAMSL1-MfZBimClj6hhdowBMezqDpkdL-nDON9xSaIEEg?e=3SINwT\">Testo<\/a> e musica di Enzo Caruso &#8211; <a href=\"https:\/\/agesci.sharepoint.com\/:u:\/s\/ArchivioCSDSicilia\/EeDwUwwUnGBFoKncfTLzrJUBZ4eFnYgdNuO38uY7jJgBZQ?e=HXCVtE\">mp3<\/a>&nbsp;<\/p>\n<p style=\"line-height: 5px;text-align: right\"><span style=\"font-size: 10pt\">[Canto per l&#8217;incontro regionale Alte Squadriglie del 2007]<\/span><\/p>\n<p style=\"line-height: 10px\"><strong>La meridiana<\/strong> &#8211; <a href=\"https:\/\/agesci.sharepoint.com\/:i:\/s\/ArchivioCSDSicilia\/ERXZkp8xhsZFkMTfvHFRQKQBhtM4WKmXMt-DT72YDJEoTA?e=LFN73h\">Testo<\/a> e musica di Enzo Caruso &#8211; mp3<\/p>\n<p style=\"line-height: 15px;text-align: right;padding-left: 300px\"><span style=\"font-size: 10pt\">Uno dei canti del Campo Nazionale Agesci del 2003; arrangiamento Matteo Brancato<\/span><\/p>\n<p style=\"line-height: 10px\"><strong>La mia isola<\/strong> &#8211; <a href=\"https:\/\/agesci.sharepoint.com\/:i:\/s\/ArchivioCSDSicilia\/ETxdP8gnxwRIkNIaiY_lPb0BTlhcipYeQZfch5HsaK22aA?e=31pyUg\">Testo<\/a> e musica di Enzo Caruso &#8211; mp3<\/p>\n<p style=\"line-height: 5px;text-align: right\"><span style=\"font-size: 10pt\">Canto del Campo regionale E\/G 1986 Agesci<\/span><\/p>\n<p style=\"line-height: 10px\"><strong>Le mie frontiere<\/strong> &#8211; <a href=\"https:\/\/agesci.sharepoint.com\/:i:\/s\/ArchivioCSDSicilia\/EapNIjNO8K9Jp0nq2N16d9ABBj_9No00jlRz5xghgpIp6g?e=RLMEQ3\">Testo<\/a> e musica di Enzo Caruso &#8211; mp3<\/p>\n<p style=\"line-height: 5px;text-align: right\"><span style=\"font-size: 10pt\">Canto per la Route nazionale Co.Ca. Agesci 1997; Arrangiamento Carmelo Travia<\/span><\/p>\n<p style=\"line-height: 10px\"><strong>Li greci alla marina<\/strong> &#8211; 1985? &#8211; <a href=\"https:\/\/agesci.sharepoint.com\/:i:\/s\/ArchivioCSDSicilia\/ET9w44JpdsVKgxBGRjVg4_sBdjgmc3xg3Pakdm25wh3MSw?e=szDHVO\">Testo<\/a> e musica di Enzo Caruso &#8211; <a href=\"https:\/\/agesci.sharepoint.com\/:u:\/s\/ArchivioCSDSicilia\/EcztPG_u8ixFofgWpEXRHBkB28PuA4zKL0Odfewr6jsUIA?e=eRbN95\">mp3<\/a><\/p>\n<p style=\"line-height: 5px;text-align: right\"><span style=\"font-size: 10pt\">Canto del sottocampo Atreos del Campo regionale E\/G 1986&nbsp; Agesci<\/span><\/p>\n<p style=\"line-height: 10px\"><strong>Massariotta<\/strong> &#8211; <a href=\"https:\/\/agesci.sharepoint.com\/:i:\/s\/ArchivioCSDSicilia\/EQLBxeimld1Bs02-SNDWrzABrcvuZWehq37Wzfe8tOU1xg?e=kajySy\">Testo<\/a> e musica di &#8220;Albero&#8221; Alamia-Berlingieri-Romeo<\/p>\n<p style=\"line-height: 5px;text-align: right\"><span style=\"font-size: 10pt\">Canto della base scout La Massariotta &#8211; Marineo<\/span><\/p>\n<p>Metti a fuoco l&#8217;ambiente &#8211;<\/p>\n<p style=\"line-height: 5px;text-align: right\"><span style=\"font-size: 10pt\">Canto del Campo regionale L\/C Fiera delle specialit\u00e0 2012 &#8211; Agesci &#8211; Messina<\/span><\/p>\n<p><strong>Mondobambino<\/strong> &#8211; <a href=\"https:\/\/agesci.sharepoint.com\/:b:\/s\/ArchivioCSDSicilia\/EXmnTn-cEV1NrZtuKckcQ3YBba-A8EcAajawnXaYqD8IeA?e=ghkJy5\">Testo<\/a> e musica di Massimiliano di Chio &#8211; mp3<\/p>\n<p style=\"line-height: 5px;text-align: right\"><span style=\"font-size: 10pt\">Canto del 4\u00b0 Campo regionale L\/C Consigli degli Anziani 1993 Agesci &#8211; Catania<\/span><\/p>\n<p style=\"line-height: 10px\"><strong>Newton<\/strong> &#8211; <a href=\"https:\/\/agesci.sharepoint.com\/:i:\/s\/ArchivioCSDSicilia\/EXbioEj21rZFpHycc5BDrU4BK9sqPqryOsicDCSf2EQnvw?e=ruXNOz\">Testo<\/a> e musica di Enzo Caruso &#8211; mp3<\/p>\n<p style=\"line-height: 5px;text-align: right\"><span style=\"font-size: 10pt\">Evento nazionale E\/G; Arrangiamento Carmelo Travia<\/span><\/p>\n<p style=\"line-height: 10px\">&#8216;O capu &#8216;nnammuratu &#8211; Testo e musica di Enzo Caruso &#8211; <a href=\"https:\/\/agesci.sharepoint.com\/:u:\/s\/ArchivioCSDSicilia\/EVcG0cskdJBLo2TBHmYadQgBLbtz6iuhNg74z1UtTDHwcg?e=EDWh8T\">mp3<\/a><\/p>\n<p style=\"line-height: 15px;text-align: right;padding-left: 250px\"><span style=\"font-size: 10pt\">Canto dell&#8217;incontro Zone, Bracciano 2007.<br \/>\n\u00e8 l&#8217;invito a non farsi condizionare dai luoghi comuni quando si ha a che fare con i ragazzi.<br \/>\nEssi amano seguire e imitare modelli di adulti; adulti innamorati del proprio servizio in loro favore, i ragazzi non esiteranno a seguirli e poi a superarli<\/span><\/p>\n<p style=\"line-height: 10px\"><strong>Quando il sol<\/strong> &#8211; <a href=\"https:\/\/agesci.sharepoint.com\/:i:\/s\/ArchivioCSDSicilia\/EcLG-SD_QgdKugmByqzghDkBeWJaUOofsRrQN949DbVdvQ?e=ngRXtd\">Testo<\/a> e musica di Enzo Caruso &#8211; mp3<\/p>\n<p style=\"line-height: 5px;text-align: right\"><span style=\"font-size: 10pt\">Arrangiamento Carmelo Travia<\/span><\/p>\n<p style=\"line-height: 10px\"><strong>Se questo giorno<\/strong> &#8211; <a href=\"https:\/\/agesci.sharepoint.com\/:i:\/s\/ArchivioCSDSicilia\/EQlFyiFTM_hBmtHb-0r3KbMBY1gj0LX9d47NjSHOjvLwmw?e=Pz3pxU\">Testo<\/a> e musica di Enzo Caruso &#8211; mp3<\/p>\n<p style=\"line-height: 10px;text-align: right;padding-left: 320px\"><span style=\"font-size: 10pt\">Canto della Route regionale Capi reparto 1983 Agesci &#8211; Trecastagni; arrangiamento Carmelo Travia<\/span><\/p>\n<p style=\"line-height: 10px\"><strong>Tarantella spagnola<\/strong> &#8211; 1985? &#8211; <a href=\"https:\/\/agesci.sharepoint.com\/:i:\/s\/ArchivioCSDSicilia\/EZiGCEd22R5DlcQYIxqEdFcBt8VwG6WZ0NK_JckSM1-awQ?e=jyF9kD\">Testo<\/a> e musica di Enzo Caruso &#8211; <a href=\"https:\/\/agesci.sharepoint.com\/:u:\/s\/ArchivioCSDSicilia\/EaEDmrvlezFGuXfNPrQnMcMBgsdTSCbfyC9pwUQHtD0-NA?e=EPgsMV\">mp3<\/a><\/p>\n<p style=\"line-height: 5px;text-align: right\"><span style=\"font-size: 10pt\">Canto del sottocampo Cibeles del Campo regionale E\/G 1986 Agesci&nbsp;<\/span><\/p>\n<p style=\"line-height: 10px\"><strong>Terra mia<\/strong> &#8211; <a href=\"https:\/\/agesci.sharepoint.com\/:i:\/s\/ArchivioCSDSicilia\/EYyxhpCoYk1NgITfstVljNYBpkNdPQWdiBPQQYoRM2nuIw?e=HWa1sG\">Testo<\/a> e musica di &#8220;Albero&#8221; Alamia-Berlingieri-Romeo<\/p>\n<p style=\"line-height: 5px;text-align: right\"><span style=\"font-size: 10pt\">Canto del Campo regionale E\/G 1986 Agesci<\/span><\/p>\n<p style=\"line-height: 10px\"><strong>U re nurmannu<\/strong> &#8211; 1985? &#8211; <a href=\"https:\/\/agesci.sharepoint.com\/:i:\/s\/ArchivioCSDSicilia\/EewWpNU4DkJOmglMCZOa9toBzFdV5QquM4_Dx3I0TsLvQw?e=bI1uvE\">Testo<\/a> e musica di Enzo Caruso &#8211; <a href=\"https:\/\/agesci.sharepoint.com\/:u:\/s\/ArchivioCSDSicilia\/EU4xGCVdjsZGmUcU_mFb8PIB9W4OMnspQZ-vdmpBu3uhaw?e=vEIfNd\">mp3<\/a><\/p>\n<p style=\"line-height: 5px;text-align: right\"><span style=\"font-size: 10pt\">Canto del sottocampo Lindz del Campo regionale E\/G 1986 Agesci<\/span><\/p>\n<p><strong>Un popolo di eroi<\/strong> &#8211; 2012? &#8211; <a href=\"https:\/\/agesci.sharepoint.com\/:b:\/s\/ArchivioCSDSicilia\/EdL9fhNH-ftHpmhLUQBcOAoBqooZjRFAA6IQWuMfOu9rDQ?e=9ntLnl\" target=\"_blank\" rel=\"noopener\">Testo<\/a> e musica di Antonio Rondone<\/p>\n<p style=\"line-height: 5px;text-align: right\"><span style=\"font-size: 10pt\">Canto del Campo regionale E\/G 2012 Agesci<\/span><\/p>\n<p style=\"line-height: 10px\"><strong>Un pozzo per l&#8217;Etiopia<\/strong> &#8211; <a href=\"https:\/\/agesci.sharepoint.com\/:i:\/s\/ArchivioCSDSicilia\/EatJwUUg809Cp8wZVcfgYQ0BkXIXMn35dXtEB_6P8xAi_A?e=qfKbwj\">Testo<\/a> di Vittorio Maci &#8211; Musica di Mimmo Mercurio<\/p>\n<p style=\"line-height: 5px;text-align: right\"><span style=\"font-size: 10pt\">Attivit\u00e0 regionale L\/C<\/span><\/p>\n<p style=\"line-height: 10px\"><strong>Una pietra dopo l&#8217;altra<\/strong> &#8211; <a href=\"https:\/\/agesci.sharepoint.com\/:i:\/s\/ArchivioCSDSicilia\/EWBCcvFU_JpMkTDB-tPSpxcBPbi2XtdYDATMISdNk3vFrA?e=VCitfB\">Testo<\/a> e musica di Enzo Caruso &#8211; mp3<\/p>\n<p style=\"line-height: 5px;text-align: right\"><span style=\"font-size: 10pt\">Assemblea regionale 1984, arrangiamento Carmelo Travia<\/span><\/p>\n<p style=\"line-height: 5px;text-align: right\">&nbsp;<\/p>\n<p>&nbsp;<\/p>\n<p><a href=\"https:\/\/sicilia.agesci.it\/csd\/canti-di-enzo-caruso\/\">Nota di Enzo Caruso<\/a><\/p>\n<p><a href=\"https:\/\/sicilia.agesci.it\/csd\/orchestra-scout-agesci-nazionale\/\">Brani dell&#8217;Orchestra scout Agesci<\/a> (nazionale)<\/p>\n<p><span style=\"font-size: 10pt\">N.B. Si ricorda che per pubblicazione su CD, o esibizioni dal vivo in cui \u00e8 previsto il pagamento alla SIAE, \u00e8 opportuno verificare se i brani siano stati depositati (come quelli di Enzo Caruso); \u00e8 bene dichiarare gli autori poich\u00e9 bisogna versare i diritti SIAE.<\/span><\/p>\n<p style=\"text-align: right\"><em><span style=\"font-size: 10pt\">Pagina curata da F. Antonio Scalini &#8211; Aggiornata al 23\/01\/2024<\/span><\/em><\/p>\n<div style=\"clear:both;\"><\/div>","protected":false},"excerpt":{"rendered":"<p>Qui si trova l&#8217;elenco dei canti scout dei grandi eventi regionali o degli eventi nazionali realizzati da autori siciliani. L&#8217;elenco \u00e8 in costante aggiornamento. Chi volesse integrarne qualcuno mancante lo [&hellip;]<\/p>\n","protected":false},"author":7,"featured_media":0,"parent":0,"menu_order":0,"comment_status":"closed","ping_status":"closed","template":"","meta":{"ngg_post_thumbnail":0,"footnotes":""},"categories":[],"tags":[600,613,695],"class_list":["post-3683","page","type-page","status-publish","hentry","tag-scout","tag-sicilia","tag-storia"],"jetpack_sharing_enabled":true,"_links":{"self":[{"href":"https:\/\/sicilia.agesci.it\/csd\/wp-json\/wp\/v2\/pages\/3683","targetHints":{"allow":["GET"]}}],"collection":[{"href":"https:\/\/sicilia.agesci.it\/csd\/wp-json\/wp\/v2\/pages"}],"about":[{"href":"https:\/\/sicilia.agesci.it\/csd\/wp-json\/wp\/v2\/types\/page"}],"author":[{"embeddable":true,"href":"https:\/\/sicilia.agesci.it\/csd\/wp-json\/wp\/v2\/users\/7"}],"replies":[{"embeddable":true,"href":"https:\/\/sicilia.agesci.it\/csd\/wp-json\/wp\/v2\/comments?post=3683"}],"version-history":[{"count":68,"href":"https:\/\/sicilia.agesci.it\/csd\/wp-json\/wp\/v2\/pages\/3683\/revisions"}],"predecessor-version":[{"id":3839,"href":"https:\/\/sicilia.agesci.it\/csd\/wp-json\/wp\/v2\/pages\/3683\/revisions\/3839"}],"wp:attachment":[{"href":"https:\/\/sicilia.agesci.it\/csd\/wp-json\/wp\/v2\/media?parent=3683"}],"wp:term":[{"taxonomy":"category","embeddable":true,"href":"https:\/\/sicilia.agesci.it\/csd\/wp-json\/wp\/v2\/categories?post=3683"},{"taxonomy":"post_tag","embeddable":true,"href":"https:\/\/sicilia.agesci.it\/csd\/wp-json\/wp\/v2\/tags?post=3683"}],"curies":[{"name":"wp","href":"https:\/\/api.w.org\/{rel}","templated":true}]}}