{"id":2,"date":"2016-11-04T13:23:06","date_gmt":"2016-11-04T12:23:06","guid":{"rendered":"http:\/\/massariotta.sicilia.agesci.it\/?page_id=2"},"modified":"2023-05-31T18:26:28","modified_gmt":"2023-05-31T16:26:28","slug":"home","status":"publish","type":"page","link":"https:\/\/sicilia.agesci.it\/massariotta\/","title":{"rendered":"Home"},"content":{"rendered":"[vc_row][vc_column][vc_column_text]<em><a href=\"https:\/\/sicilia.agesci.it\/massariotta\/wp-content\/uploads\/sites\/14\/2022\/03\/logonew.jpeg\"><img loading=\"lazy\" decoding=\"async\" class=\"wp-image-96 alignleft\" src=\"https:\/\/sicilia.agesci.it\/massariotta\/wp-content\/uploads\/sites\/14\/2022\/03\/logonew.jpeg\" alt=\"\" width=\"243\" height=\"306\" srcset=\"https:\/\/sicilia.agesci.it\/massariotta\/wp-content\/uploads\/sites\/14\/2022\/03\/logonew.jpeg 1080w, https:\/\/sicilia.agesci.it\/massariotta\/wp-content\/uploads\/sites\/14\/2022\/03\/logonew-238x300.jpeg 238w, https:\/\/sicilia.agesci.it\/massariotta\/wp-content\/uploads\/sites\/14\/2022\/03\/logonew-813x1024.jpeg 813w, https:\/\/sicilia.agesci.it\/massariotta\/wp-content\/uploads\/sites\/14\/2022\/03\/logonew-768x968.jpeg 768w\" sizes=\"auto, (max-width: 243px) 100vw, 243px\" \/><\/a>Quella di Marineo \u00e8 la pi\u00f9 antica base costituita nel sud, con l\u2019entusiasmo e la tenacia di alcuni capi e di un gruppo di rovers che hanno avuto anche la soddisfazione di ospitare presso la \u201cMassariotta\u201d due campi internazionali (Massar- Jam) per alte squadriglie. Adatta per vivere campi estivi, vacanze di branco e route nella splendida cornice della Riserva naturale orientata Bosco della Ficuzza, Rocca Busambra, Bosco del Cappelliere e Gorgo del Drago.<\/em><\/p>\n<p>La base, oltre a dare la possibilit\u00e0 di campeggiare (la base \u00e8 grande circa 10.000 metri quadri) ha alcune strutture idonee per l\u2019accantonamento, cucina e refettorio e un ampio salone\/laboratorio per le attivit\u00e0 da fare al chiuso.<\/p>\n<p>&nbsp;<\/p>\n<p><b>Luoghi all\u2019aperto:&nbsp;<\/b><\/p>\n<ul>\n<li>Prato per attivit\u00e0;<\/li>\n<li>Zona fuoco di bivacco;<\/li>\n<li>Altare con posti a sedere;<\/li>\n<li>Angolo della memoria (spazio con sedute in muratura);<\/li>\n<li>Angolo di preghiera;<\/li>\n<li>Zone ombreggiate per attivit\u00e0;<\/li>\n<li>2 lavatoi con 16 rubinetti ciascuno (vicino le docce)<\/li>\n<li>1 lavatoio con 8 rubinetti (vicino al prato)<\/li>\n<\/ul>\n<p><strong>Strutture:<\/strong><\/p>\n<p><strong>Lo \u201cChalet\u201d:<\/strong> \u00e8 una casa provvista di due bagni (1 per disabili); un antibagno con 2 lavabi; 2 stanze con letti a castello (4 + 6 posti letto con materassi); 1 stanza con letto singolo; un saloncino di ingresso con tavolo per piccole riunioni (oppure \u00e8 possibile dormire con stuoia a terra per un\u2019altra decina di persone).<\/p>\n<p><strong>La \u201cCasa del Picchio\u201d:<\/strong> \u00e8 una casetta&nbsp;in legno di recente costruzione che pu\u00f2 ospitare circa 25 persone con stuoia a terra.<\/p>\n<p><strong>Il \u201cRifugio del Fuoco\u201d:<\/strong> \u00e8 una struttura chiusa molto ampia e polifunzionale, con tavoli e panche (Per laboratori manuali, attivit\u00e0 al chiuso). Pu\u00f2 ospitare comodamente circa 80 persone.<\/p>\n<p><strong>La Cucina:<\/strong> ampia, fornita di frigorifero, con 2 piani cottura a gas e due forni; Bollitore industriale, fornellone e lavello due vasche grandi in acciaio.<\/p>\n<p><strong>Il refettorio:<\/strong> comunica con la cucina attraverso una finestrella per passare le pietanze. pu\u00f2 ospitare circa 80 persone sedute ed \u00e8 provvisto di tavoli e di panche. Ha al suo interno un bagno per disabili.<\/p>\n<p><strong>I Bagni:<\/strong> vi \u00e8 una struttura esterna dedicata ai bagni con 4 bagni. Un ulteriore bagno esterno (per disabili).<\/p>\n<p><strong>Docce:<\/strong> 2 ambienti per docce con spogliatoio attiguo. Caldaia a gas per acqua calda.<\/p>\n<p><strong>Tendostrutture<\/strong>: Vi sono 2 tendostrutture \/tetto in muratura e pareti in teloni per esterni che possono essere utilizzati per i pernottamenti primaverili\/estivi (14 + 14 posti letto). Un\u2019ulteriore tendostruttura \u00e8 utilizzabile in periodo estivo.<\/p>\n<p><strong>Luoghi da utilizzare (esterni alla base)<\/strong><\/p>\n<p>La Base \u00e8 al margine della riserva del bosco di Ficuzza, punto di partenza per sentieri immersi nella natura. Nella prossimit\u00e0 della base vi \u00e8 un \u201canfiteatro\u201d in pietra (30-40 posti) per attivit\u00e0 e un grande prato per giochi all\u2019aperto.<\/p>\n\n\t\t<style type=\"text\/css\">\n\t\t\t#gallery-1 {\n\t\t\t\tmargin: auto;\n\t\t\t}\n\t\t\t#gallery-1 .gallery-item {\n\t\t\t\tfloat: left;\n\t\t\t\tmargin-top: 10px;\n\t\t\t\ttext-align: center;\n\t\t\t\twidth: 25%;\n\t\t\t}\n\t\t\t#gallery-1 img {\n\t\t\t\tborder: 2px solid #cfcfcf;\n\t\t\t}\n\t\t\t#gallery-1 .gallery-caption {\n\t\t\t\tmargin-left: 0;\n\t\t\t}\n\t\t\t\/* see gallery_shortcode() in wp-includes\/media.php *\/\n\t\t<\/style>\n\t\t<div id='gallery-1' class='gallery galleryid-2 gallery-columns-4 gallery-size-thumbnail'><dl class='gallery-item'>\n\t\t\t<dt class='gallery-icon landscape'>\n\t\t\t\t<a href='https:\/\/sicilia.agesci.it\/massariotta\/wp-content\/uploads\/sites\/14\/2016\/11\/11988524_1677607902470329_5812905374786637538_n.jpg'><img loading=\"lazy\" decoding=\"async\" width=\"150\" height=\"150\" src=\"https:\/\/sicilia.agesci.it\/massariotta\/wp-content\/uploads\/sites\/14\/2016\/11\/11988524_1677607902470329_5812905374786637538_n-150x150.jpg\" class=\"attachment-thumbnail size-thumbnail\" alt=\"\" srcset=\"https:\/\/sicilia.agesci.it\/massariotta\/wp-content\/uploads\/sites\/14\/2016\/11\/11988524_1677607902470329_5812905374786637538_n-150x150.jpg 150w, https:\/\/sicilia.agesci.it\/massariotta\/wp-content\/uploads\/sites\/14\/2016\/11\/11988524_1677607902470329_5812905374786637538_n-130x130.jpg 130w\" sizes=\"auto, (max-width: 150px) 100vw, 150px\" \/><\/a>\n\t\t\t<\/dt><\/dl><dl class='gallery-item'>\n\t\t\t<dt class='gallery-icon landscape'>\n\t\t\t\t<a href='https:\/\/sicilia.agesci.it\/massariotta\/wp-content\/uploads\/sites\/14\/2016\/11\/11850509_1679537292277390_893643838741638877_o-1024x683.jpg'><img loading=\"lazy\" decoding=\"async\" width=\"150\" height=\"150\" src=\"https:\/\/sicilia.agesci.it\/massariotta\/wp-content\/uploads\/sites\/14\/2016\/11\/11850509_1679537292277390_893643838741638877_o-1024x683-150x150.jpg\" class=\"attachment-thumbnail size-thumbnail\" alt=\"\" srcset=\"https:\/\/sicilia.agesci.it\/massariotta\/wp-content\/uploads\/sites\/14\/2016\/11\/11850509_1679537292277390_893643838741638877_o-1024x683-150x150.jpg 150w, https:\/\/sicilia.agesci.it\/massariotta\/wp-content\/uploads\/sites\/14\/2016\/11\/11850509_1679537292277390_893643838741638877_o-1024x683-130x130.jpg 130w\" sizes=\"auto, (max-width: 150px) 100vw, 150px\" \/><\/a>\n\t\t\t<\/dt><\/dl><dl class='gallery-item'>\n\t\t\t<dt class='gallery-icon landscape'>\n\t\t\t\t<a href='https:\/\/sicilia.agesci.it\/massariotta\/wp-content\/uploads\/sites\/14\/2016\/11\/11996907_1677607485803704_5468826535463576093_n.jpg'><img loading=\"lazy\" decoding=\"async\" width=\"150\" height=\"150\" src=\"https:\/\/sicilia.agesci.it\/massariotta\/wp-content\/uploads\/sites\/14\/2016\/11\/11996907_1677607485803704_5468826535463576093_n-150x150.jpg\" class=\"attachment-thumbnail size-thumbnail\" alt=\"\" srcset=\"https:\/\/sicilia.agesci.it\/massariotta\/wp-content\/uploads\/sites\/14\/2016\/11\/11996907_1677607485803704_5468826535463576093_n-150x150.jpg 150w, https:\/\/sicilia.agesci.it\/massariotta\/wp-content\/uploads\/sites\/14\/2016\/11\/11996907_1677607485803704_5468826535463576093_n-130x130.jpg 130w\" sizes=\"auto, (max-width: 150px) 100vw, 150px\" \/><\/a>\n\t\t\t<\/dt><\/dl><dl class='gallery-item'>\n\t\t\t<dt class='gallery-icon portrait'>\n\t\t\t\t<a href='https:\/\/sicilia.agesci.it\/massariotta\/wp-content\/uploads\/sites\/14\/2016\/11\/11988758_1677607192470400_9218714710179813439_n.jpg'><img loading=\"lazy\" decoding=\"async\" width=\"150\" height=\"150\" src=\"https:\/\/sicilia.agesci.it\/massariotta\/wp-content\/uploads\/sites\/14\/2016\/11\/11988758_1677607192470400_9218714710179813439_n-150x150.jpg\" class=\"attachment-thumbnail size-thumbnail\" alt=\"\" srcset=\"https:\/\/sicilia.agesci.it\/massariotta\/wp-content\/uploads\/sites\/14\/2016\/11\/11988758_1677607192470400_9218714710179813439_n-150x150.jpg 150w, https:\/\/sicilia.agesci.it\/massariotta\/wp-content\/uploads\/sites\/14\/2016\/11\/11988758_1677607192470400_9218714710179813439_n-130x130.jpg 130w\" sizes=\"auto, (max-width: 150px) 100vw, 150px\" \/><\/a>\n\t\t\t<\/dt><\/dl><br style=\"clear: both\" \/><dl class='gallery-item'>\n\t\t\t<dt class='gallery-icon landscape'>\n\t\t\t\t<a href='https:\/\/sicilia.agesci.it\/massariotta\/wp-content\/uploads\/sites\/14\/2016\/11\/12028630_1680174862213633_8699235169831812275_o-1024x683.jpg'><img loading=\"lazy\" decoding=\"async\" width=\"150\" height=\"150\" src=\"https:\/\/sicilia.agesci.it\/massariotta\/wp-content\/uploads\/sites\/14\/2016\/11\/12028630_1680174862213633_8699235169831812275_o-1024x683-150x150.jpg\" class=\"attachment-thumbnail size-thumbnail\" alt=\"\" srcset=\"https:\/\/sicilia.agesci.it\/massariotta\/wp-content\/uploads\/sites\/14\/2016\/11\/12028630_1680174862213633_8699235169831812275_o-1024x683-150x150.jpg 150w, https:\/\/sicilia.agesci.it\/massariotta\/wp-content\/uploads\/sites\/14\/2016\/11\/12028630_1680174862213633_8699235169831812275_o-1024x683-130x130.jpg 130w\" sizes=\"auto, (max-width: 150px) 100vw, 150px\" \/><\/a>\n\t\t\t<\/dt><\/dl><dl class='gallery-item'>\n\t\t\t<dt class='gallery-icon landscape'>\n\t\t\t\t<a href='https:\/\/sicilia.agesci.it\/massariotta\/wp-content\/uploads\/sites\/14\/2016\/11\/12079902_1685609528336833_1494082919659891973_o.jpg'><img loading=\"lazy\" decoding=\"async\" width=\"150\" height=\"150\" src=\"https:\/\/sicilia.agesci.it\/massariotta\/wp-content\/uploads\/sites\/14\/2016\/11\/12079902_1685609528336833_1494082919659891973_o-150x150.jpg\" class=\"attachment-thumbnail size-thumbnail\" alt=\"\" srcset=\"https:\/\/sicilia.agesci.it\/massariotta\/wp-content\/uploads\/sites\/14\/2016\/11\/12079902_1685609528336833_1494082919659891973_o-150x150.jpg 150w, https:\/\/sicilia.agesci.it\/massariotta\/wp-content\/uploads\/sites\/14\/2016\/11\/12079902_1685609528336833_1494082919659891973_o-130x130.jpg 130w\" sizes=\"auto, (max-width: 150px) 100vw, 150px\" \/><\/a>\n\t\t\t<\/dt><\/dl><dl class='gallery-item'>\n\t\t\t<dt class='gallery-icon landscape'>\n\t\t\t\t<a href='https:\/\/sicilia.agesci.it\/massariotta\/wp-content\/uploads\/sites\/14\/2016\/11\/12028820_1683928548504931_3349998137600053148_o-1024x768.jpg'><img loading=\"lazy\" decoding=\"async\" width=\"150\" height=\"150\" src=\"https:\/\/sicilia.agesci.it\/massariotta\/wp-content\/uploads\/sites\/14\/2016\/11\/12028820_1683928548504931_3349998137600053148_o-1024x768-150x150.jpg\" class=\"attachment-thumbnail size-thumbnail\" alt=\"\" srcset=\"https:\/\/sicilia.agesci.it\/massariotta\/wp-content\/uploads\/sites\/14\/2016\/11\/12028820_1683928548504931_3349998137600053148_o-1024x768-150x150.jpg 150w, https:\/\/sicilia.agesci.it\/massariotta\/wp-content\/uploads\/sites\/14\/2016\/11\/12028820_1683928548504931_3349998137600053148_o-1024x768-130x130.jpg 130w\" sizes=\"auto, (max-width: 150px) 100vw, 150px\" \/><\/a>\n\t\t\t<\/dt><\/dl><dl class='gallery-item'>\n\t\t\t<dt class='gallery-icon landscape'>\n\t\t\t\t<a href='https:\/\/sicilia.agesci.it\/massariotta\/wp-content\/uploads\/sites\/14\/2016\/11\/12032648_1685609571670162_7539214661653924027_o-1024x768.jpg'><img loading=\"lazy\" decoding=\"async\" width=\"150\" height=\"150\" src=\"https:\/\/sicilia.agesci.it\/massariotta\/wp-content\/uploads\/sites\/14\/2016\/11\/12032648_1685609571670162_7539214661653924027_o-1024x768-150x150.jpg\" class=\"attachment-thumbnail size-thumbnail\" alt=\"\" srcset=\"https:\/\/sicilia.agesci.it\/massariotta\/wp-content\/uploads\/sites\/14\/2016\/11\/12032648_1685609571670162_7539214661653924027_o-1024x768-150x150.jpg 150w, https:\/\/sicilia.agesci.it\/massariotta\/wp-content\/uploads\/sites\/14\/2016\/11\/12032648_1685609571670162_7539214661653924027_o-1024x768-130x130.jpg 130w\" sizes=\"auto, (max-width: 150px) 100vw, 150px\" \/><\/a>\n\t\t\t<\/dt><\/dl><br style=\"clear: both\" \/><dl class='gallery-item'>\n\t\t\t<dt class='gallery-icon landscape'>\n\t\t\t\t<a href='https:\/\/sicilia.agesci.it\/massariotta\/wp-content\/uploads\/sites\/14\/2016\/11\/11949329_1675813532649766_6148199012134516174_n.jpg'><img loading=\"lazy\" decoding=\"async\" width=\"150\" height=\"150\" src=\"https:\/\/sicilia.agesci.it\/massariotta\/wp-content\/uploads\/sites\/14\/2016\/11\/11949329_1675813532649766_6148199012134516174_n-150x150.jpg\" class=\"attachment-thumbnail size-thumbnail\" alt=\"\" srcset=\"https:\/\/sicilia.agesci.it\/massariotta\/wp-content\/uploads\/sites\/14\/2016\/11\/11949329_1675813532649766_6148199012134516174_n-150x150.jpg 150w, https:\/\/sicilia.agesci.it\/massariotta\/wp-content\/uploads\/sites\/14\/2016\/11\/11949329_1675813532649766_6148199012134516174_n-130x130.jpg 130w\" sizes=\"auto, (max-width: 150px) 100vw, 150px\" \/><\/a>\n\t\t\t<\/dt><\/dl><dl class='gallery-item'>\n\t\t\t<dt class='gallery-icon portrait'>\n\t\t\t\t<a href='https:\/\/sicilia.agesci.it\/massariotta\/wp-content\/uploads\/sites\/14\/2016\/11\/12191751_991948514210087_9019011238191419212_n.jpg'><img loading=\"lazy\" decoding=\"async\" width=\"150\" height=\"150\" src=\"https:\/\/sicilia.agesci.it\/massariotta\/wp-content\/uploads\/sites\/14\/2016\/11\/12191751_991948514210087_9019011238191419212_n-150x150.jpg\" class=\"attachment-thumbnail size-thumbnail\" alt=\"\" srcset=\"https:\/\/sicilia.agesci.it\/massariotta\/wp-content\/uploads\/sites\/14\/2016\/11\/12191751_991948514210087_9019011238191419212_n-150x150.jpg 150w, https:\/\/sicilia.agesci.it\/massariotta\/wp-content\/uploads\/sites\/14\/2016\/11\/12191751_991948514210087_9019011238191419212_n-130x130.jpg 130w\" sizes=\"auto, (max-width: 150px) 100vw, 150px\" \/><\/a>\n\t\t\t<\/dt><\/dl><dl class='gallery-item'>\n\t\t\t<dt class='gallery-icon landscape'>\n\t\t\t\t<a href='https:\/\/sicilia.agesci.it\/massariotta\/wp-content\/uploads\/sites\/14\/2016\/11\/11954622_1677610522470067_5394895419074213164_n.jpg'><img loading=\"lazy\" decoding=\"async\" width=\"150\" height=\"150\" src=\"https:\/\/sicilia.agesci.it\/massariotta\/wp-content\/uploads\/sites\/14\/2016\/11\/11954622_1677610522470067_5394895419074213164_n-150x150.jpg\" class=\"attachment-thumbnail size-thumbnail\" alt=\"\" srcset=\"https:\/\/sicilia.agesci.it\/massariotta\/wp-content\/uploads\/sites\/14\/2016\/11\/11954622_1677610522470067_5394895419074213164_n-150x150.jpg 150w, https:\/\/sicilia.agesci.it\/massariotta\/wp-content\/uploads\/sites\/14\/2016\/11\/11954622_1677610522470067_5394895419074213164_n-130x130.jpg 130w\" sizes=\"auto, (max-width: 150px) 100vw, 150px\" \/><\/a>\n\t\t\t<\/dt><\/dl><dl class='gallery-item'>\n\t\t\t<dt class='gallery-icon landscape'>\n\t\t\t\t<a href='https:\/\/sicilia.agesci.it\/massariotta\/wp-content\/uploads\/sites\/14\/2016\/11\/905569_990655894339349_2760433045768533337_o-1024x768.jpg'><img loading=\"lazy\" decoding=\"async\" width=\"150\" height=\"150\" src=\"https:\/\/sicilia.agesci.it\/massariotta\/wp-content\/uploads\/sites\/14\/2016\/11\/905569_990655894339349_2760433045768533337_o-1024x768-150x150.jpg\" class=\"attachment-thumbnail size-thumbnail\" alt=\"\" srcset=\"https:\/\/sicilia.agesci.it\/massariotta\/wp-content\/uploads\/sites\/14\/2016\/11\/905569_990655894339349_2760433045768533337_o-1024x768-150x150.jpg 150w, https:\/\/sicilia.agesci.it\/massariotta\/wp-content\/uploads\/sites\/14\/2016\/11\/905569_990655894339349_2760433045768533337_o-1024x768-130x130.jpg 130w\" sizes=\"auto, (max-width: 150px) 100vw, 150px\" \/><\/a>\n\t\t\t<\/dt><\/dl><br style=\"clear: both\" \/><dl class='gallery-item'>\n\t\t\t<dt class='gallery-icon landscape'>\n\t\t\t\t<a href='https:\/\/sicilia.agesci.it\/massariotta\/wp-content\/uploads\/sites\/14\/2016\/11\/12009648_971936832877922_875989259627406855_n.jpg'><img loading=\"lazy\" decoding=\"async\" width=\"150\" height=\"150\" src=\"https:\/\/sicilia.agesci.it\/massariotta\/wp-content\/uploads\/sites\/14\/2016\/11\/12009648_971936832877922_875989259627406855_n-150x150.jpg\" class=\"attachment-thumbnail size-thumbnail\" alt=\"\" srcset=\"https:\/\/sicilia.agesci.it\/massariotta\/wp-content\/uploads\/sites\/14\/2016\/11\/12009648_971936832877922_875989259627406855_n-150x150.jpg 150w, https:\/\/sicilia.agesci.it\/massariotta\/wp-content\/uploads\/sites\/14\/2016\/11\/12009648_971936832877922_875989259627406855_n-130x130.jpg 130w\" sizes=\"auto, (max-width: 150px) 100vw, 150px\" \/><\/a>\n\t\t\t<\/dt><\/dl><dl class='gallery-item'>\n\t\t\t<dt class='gallery-icon landscape'>\n\t\t\t\t<a href='https:\/\/sicilia.agesci.it\/massariotta\/wp-content\/uploads\/sites\/14\/2016\/11\/12027777_971937052877900_4697107974961826361_n.jpg'><img loading=\"lazy\" decoding=\"async\" width=\"150\" height=\"150\" src=\"https:\/\/sicilia.agesci.it\/massariotta\/wp-content\/uploads\/sites\/14\/2016\/11\/12027777_971937052877900_4697107974961826361_n-150x150.jpg\" class=\"attachment-thumbnail size-thumbnail\" alt=\"\" srcset=\"https:\/\/sicilia.agesci.it\/massariotta\/wp-content\/uploads\/sites\/14\/2016\/11\/12027777_971937052877900_4697107974961826361_n-150x150.jpg 150w, https:\/\/sicilia.agesci.it\/massariotta\/wp-content\/uploads\/sites\/14\/2016\/11\/12027777_971937052877900_4697107974961826361_n-130x130.jpg 130w\" sizes=\"auto, (max-width: 150px) 100vw, 150px\" \/><\/a>\n\t\t\t<\/dt><\/dl><dl class='gallery-item'>\n\t\t\t<dt class='gallery-icon landscape'>\n\t\t\t\t<a href='https:\/\/sicilia.agesci.it\/massariotta\/wp-content\/uploads\/sites\/14\/2016\/11\/12068757_990656641005941_1944120366889043165_o-1024x768.jpg'><img loading=\"lazy\" decoding=\"async\" width=\"150\" height=\"150\" src=\"https:\/\/sicilia.agesci.it\/massariotta\/wp-content\/uploads\/sites\/14\/2016\/11\/12068757_990656641005941_1944120366889043165_o-1024x768-150x150.jpg\" class=\"attachment-thumbnail size-thumbnail\" alt=\"\" srcset=\"https:\/\/sicilia.agesci.it\/massariotta\/wp-content\/uploads\/sites\/14\/2016\/11\/12068757_990656641005941_1944120366889043165_o-1024x768-150x150.jpg 150w, https:\/\/sicilia.agesci.it\/massariotta\/wp-content\/uploads\/sites\/14\/2016\/11\/12068757_990656641005941_1944120366889043165_o-1024x768-130x130.jpg 130w\" sizes=\"auto, (max-width: 150px) 100vw, 150px\" \/><\/a>\n\t\t\t<\/dt><\/dl><dl class='gallery-item'>\n\t\t\t<dt class='gallery-icon landscape'>\n\t\t\t\t<a href='https:\/\/sicilia.agesci.it\/massariotta\/wp-content\/uploads\/sites\/14\/2016\/11\/12182404_990656087672663_1918556318723288242_o-1024x768.jpg'><img loading=\"lazy\" decoding=\"async\" width=\"150\" height=\"150\" src=\"https:\/\/sicilia.agesci.it\/massariotta\/wp-content\/uploads\/sites\/14\/2016\/11\/12182404_990656087672663_1918556318723288242_o-1024x768-150x150.jpg\" class=\"attachment-thumbnail size-thumbnail\" alt=\"\" srcset=\"https:\/\/sicilia.agesci.it\/massariotta\/wp-content\/uploads\/sites\/14\/2016\/11\/12182404_990656087672663_1918556318723288242_o-1024x768-150x150.jpg 150w, https:\/\/sicilia.agesci.it\/massariotta\/wp-content\/uploads\/sites\/14\/2016\/11\/12182404_990656087672663_1918556318723288242_o-1024x768-130x130.jpg 130w\" sizes=\"auto, (max-width: 150px) 100vw, 150px\" \/><\/a>\n\t\t\t<\/dt><\/dl><br style=\"clear: both\" \/><dl class='gallery-item'>\n\t\t\t<dt class='gallery-icon landscape'>\n\t\t\t\t<a href='https:\/\/sicilia.agesci.it\/massariotta\/wp-content\/uploads\/sites\/14\/2016\/11\/12183015_990656897672582_7556093644865297043_o-1024x768.jpg'><img loading=\"lazy\" decoding=\"async\" width=\"150\" height=\"150\" src=\"https:\/\/sicilia.agesci.it\/massariotta\/wp-content\/uploads\/sites\/14\/2016\/11\/12183015_990656897672582_7556093644865297043_o-1024x768-150x150.jpg\" class=\"attachment-thumbnail size-thumbnail\" alt=\"\" srcset=\"https:\/\/sicilia.agesci.it\/massariotta\/wp-content\/uploads\/sites\/14\/2016\/11\/12183015_990656897672582_7556093644865297043_o-1024x768-150x150.jpg 150w, https:\/\/sicilia.agesci.it\/massariotta\/wp-content\/uploads\/sites\/14\/2016\/11\/12183015_990656897672582_7556093644865297043_o-1024x768-130x130.jpg 130w\" sizes=\"auto, (max-width: 150px) 100vw, 150px\" \/><\/a>\n\t\t\t<\/dt><\/dl><dl class='gallery-item'>\n\t\t\t<dt class='gallery-icon landscape'>\n\t\t\t\t<a href='https:\/\/sicilia.agesci.it\/massariotta\/wp-content\/uploads\/sites\/14\/2016\/11\/12185217_990656401005965_8115659791222295998_o-1024x768.jpg'><img loading=\"lazy\" decoding=\"async\" width=\"150\" height=\"150\" src=\"https:\/\/sicilia.agesci.it\/massariotta\/wp-content\/uploads\/sites\/14\/2016\/11\/12185217_990656401005965_8115659791222295998_o-1024x768-150x150.jpg\" class=\"attachment-thumbnail size-thumbnail\" alt=\"\" srcset=\"https:\/\/sicilia.agesci.it\/massariotta\/wp-content\/uploads\/sites\/14\/2016\/11\/12185217_990656401005965_8115659791222295998_o-1024x768-150x150.jpg 150w, https:\/\/sicilia.agesci.it\/massariotta\/wp-content\/uploads\/sites\/14\/2016\/11\/12185217_990656401005965_8115659791222295998_o-1024x768-130x130.jpg 130w\" sizes=\"auto, (max-width: 150px) 100vw, 150px\" \/><\/a>\n\t\t\t<\/dt><\/dl><dl class='gallery-item'>\n\t\t\t<dt class='gallery-icon landscape'>\n\t\t\t\t<a href='https:\/\/sicilia.agesci.it\/massariotta\/wp-content\/uploads\/sites\/14\/2016\/11\/12186402_1691581564406296_5792848199580236780_o-1024x768.jpg'><img loading=\"lazy\" decoding=\"async\" width=\"150\" height=\"150\" src=\"https:\/\/sicilia.agesci.it\/massariotta\/wp-content\/uploads\/sites\/14\/2016\/11\/12186402_1691581564406296_5792848199580236780_o-1024x768-150x150.jpg\" class=\"attachment-thumbnail size-thumbnail\" alt=\"\" srcset=\"https:\/\/sicilia.agesci.it\/massariotta\/wp-content\/uploads\/sites\/14\/2016\/11\/12186402_1691581564406296_5792848199580236780_o-1024x768-150x150.jpg 150w, https:\/\/sicilia.agesci.it\/massariotta\/wp-content\/uploads\/sites\/14\/2016\/11\/12186402_1691581564406296_5792848199580236780_o-1024x768-130x130.jpg 130w\" sizes=\"auto, (max-width: 150px) 100vw, 150px\" \/><\/a>\n\t\t\t<\/dt><\/dl><dl class='gallery-item'>\n\t\t\t<dt class='gallery-icon landscape'>\n\t\t\t\t<a href='https:\/\/sicilia.agesci.it\/massariotta\/wp-content\/uploads\/sites\/14\/2016\/11\/12186771_990656814339257_4261288996468923143_o-1024x768.jpg'><img loading=\"lazy\" decoding=\"async\" width=\"150\" height=\"150\" src=\"https:\/\/sicilia.agesci.it\/massariotta\/wp-content\/uploads\/sites\/14\/2016\/11\/12186771_990656814339257_4261288996468923143_o-1024x768-150x150.jpg\" class=\"attachment-thumbnail size-thumbnail\" alt=\"\" srcset=\"https:\/\/sicilia.agesci.it\/massariotta\/wp-content\/uploads\/sites\/14\/2016\/11\/12186771_990656814339257_4261288996468923143_o-1024x768-150x150.jpg 150w, https:\/\/sicilia.agesci.it\/massariotta\/wp-content\/uploads\/sites\/14\/2016\/11\/12186771_990656814339257_4261288996468923143_o-1024x768-130x130.jpg 130w\" sizes=\"auto, (max-width: 150px) 100vw, 150px\" \/><\/a>\n\t\t\t<\/dt><\/dl><br style=\"clear: both\" \/><dl class='gallery-item'>\n\t\t\t<dt class='gallery-icon landscape'>\n\t\t\t\t<a href='https:\/\/sicilia.agesci.it\/massariotta\/wp-content\/uploads\/sites\/14\/2016\/11\/12046729_971936639544608_3980924513810814222_n.jpg'><img loading=\"lazy\" decoding=\"async\" width=\"150\" height=\"150\" src=\"https:\/\/sicilia.agesci.it\/massariotta\/wp-content\/uploads\/sites\/14\/2016\/11\/12046729_971936639544608_3980924513810814222_n-150x150.jpg\" class=\"attachment-thumbnail size-thumbnail\" alt=\"\" srcset=\"https:\/\/sicilia.agesci.it\/massariotta\/wp-content\/uploads\/sites\/14\/2016\/11\/12046729_971936639544608_3980924513810814222_n-150x150.jpg 150w, https:\/\/sicilia.agesci.it\/massariotta\/wp-content\/uploads\/sites\/14\/2016\/11\/12046729_971936639544608_3980924513810814222_n-130x130.jpg 130w\" sizes=\"auto, (max-width: 150px) 100vw, 150px\" \/><\/a>\n\t\t\t<\/dt><\/dl>\n\t\t\t<br style='clear: both' \/>\n\t\t<\/div>\n\n[\/vc_column_text][vc_column_text]\n[\/vc_column_text][\/vc_column][\/vc_row]\n","protected":false},"excerpt":{"rendered":"<p>[vc_row][vc_column][vc_column_text]Quella di Marineo \u00e8 la pi\u00f9 antica base costituita nel sud, con l\u2019entusiasmo e la tenacia di alcuni capi e di un gruppo di rovers che hanno avuto anche la [&hellip;]<\/p>\n","protected":false},"author":2,"featured_media":0,"parent":0,"menu_order":0,"comment_status":"closed","ping_status":"open","template":"page-sidebar.php","meta":{"ngg_post_thumbnail":0,"footnotes":""},"categories":[],"tags":[],"class_list":["post-2","page","type-page","status-publish","hentry"],"_links":{"self":[{"href":"https:\/\/sicilia.agesci.it\/massariotta\/wp-json\/wp\/v2\/pages\/2","targetHints":{"allow":["GET"]}}],"collection":[{"href":"https:\/\/sicilia.agesci.it\/massariotta\/wp-json\/wp\/v2\/pages"}],"about":[{"href":"https:\/\/sicilia.agesci.it\/massariotta\/wp-json\/wp\/v2\/types\/page"}],"author":[{"embeddable":true,"href":"https:\/\/sicilia.agesci.it\/massariotta\/wp-json\/wp\/v2\/users\/2"}],"replies":[{"embeddable":true,"href":"https:\/\/sicilia.agesci.it\/massariotta\/wp-json\/wp\/v2\/comments?post=2"}],"version-history":[{"count":11,"href":"https:\/\/sicilia.agesci.it\/massariotta\/wp-json\/wp\/v2\/pages\/2\/revisions"}],"predecessor-version":[{"id":114,"href":"https:\/\/sicilia.agesci.it\/massariotta\/wp-json\/wp\/v2\/pages\/2\/revisions\/114"}],"wp:attachment":[{"href":"https:\/\/sicilia.agesci.it\/massariotta\/wp-json\/wp\/v2\/media?parent=2"}],"wp:term":[{"taxonomy":"category","embeddable":true,"href":"https:\/\/sicilia.agesci.it\/massariotta\/wp-json\/wp\/v2\/categories?post=2"},{"taxonomy":"post_tag","embeddable":true,"href":"https:\/\/sicilia.agesci.it\/massariotta\/wp-json\/wp\/v2\/tags?post=2"}],"curies":[{"name":"wp","href":"https:\/\/api.w.org\/{rel}","templated":true}]}}