{"id":2686,"date":"2018-06-18T17:16:17","date_gmt":"2018-06-18T15:16:17","guid":{"rendered":"http:\/\/organizzazione.sicilia.agesci.it\/?page_id=2686"},"modified":"2024-10-17T13:03:54","modified_gmt":"2024-10-17T11:03:54","slug":"pattuglia","status":"publish","type":"page","link":"https:\/\/sicilia.agesci.it\/organizzazione\/pattuglia\/","title":{"rendered":"Pattuglia Organizzazione"},"content":{"rendered":"<p><a href=\"https:\/\/sicilia.agesci.it\/organizzazione\/wp-content\/uploads\/sites\/8\/2024\/10\/pattugliaORG2024.jpg\"><img loading=\"lazy\" decoding=\"async\" class=\"aligncenter size-full wp-image-2743\" src=\"https:\/\/sicilia.agesci.it\/organizzazione\/wp-content\/uploads\/sites\/8\/2024\/10\/pattugliaORG2024.jpg\" alt=\"\" width=\"960\" height=\"780\" srcset=\"https:\/\/sicilia.agesci.it\/organizzazione\/wp-content\/uploads\/sites\/8\/2024\/10\/pattugliaORG2024.jpg 960w, https:\/\/sicilia.agesci.it\/organizzazione\/wp-content\/uploads\/sites\/8\/2024\/10\/pattugliaORG2024-300x244.jpg 300w, https:\/\/sicilia.agesci.it\/organizzazione\/wp-content\/uploads\/sites\/8\/2024\/10\/pattugliaORG2024-768x624.jpg 768w\" sizes=\"auto, (max-width: 960px) 100vw, 960px\" \/><\/a><\/p>\n<table class=\" aligncenter\" style=\"width: 70%;\" border=\"0\" cellspacing=\"1\" cellpadding=\"1\">\n<thead>\n<tr style=\"height: 24px;\">\n<th style=\"width: 9.42712%; height: 24px;\">Nome<\/th>\n<th style=\"width: 8.04931%; height: 24px;\">Zona<\/th>\n<th style=\"width: 3.73464%; height: 24px;\">Ruolo<\/th>\n<th style=\"width: 1.45985%; height: 24px;\">Gruppo<\/th>\n<th style=\"width: 1.76367%; height: 24px;\">Email<\/th>\n<\/tr>\n<\/thead>\n<tbody>\n<tr style=\"height: 48px;\">\n<td style=\"width: 9.42712%; height: 48px;\"><span style=\"font-size: 10pt;\"><strong>Veronica Zocco (IRO)<\/strong><\/span><\/td>\n<td style=\"width: 8.04931%; height: 48px;\"><span style=\"font-size: 10pt;\"><strong>Zona Netina<\/strong><\/span><\/td>\n<td style=\"width: 3.73464%; height: 48px;\"><span style=\"font-size: 10pt;\"><strong>Incaricata Regionale<\/strong><\/span><\/td>\n<td style=\"width: 1.45985%; height: 48px;\"><span style=\"font-size: 10pt;\"><strong>Ispica 2<\/strong><\/span><\/td>\n<td style=\"width: 1.76367%; height: 48px;\"><span style=\"font-size: 10pt;\"><a href=\"mailto:irof@sicilia.agesci.it\"><strong>irof@sicilia.agesci.it<\/strong><\/a><\/span><\/td>\n<\/tr>\n<tr style=\"height: 48px;\">\n<td style=\"width: 9.42712%; height: 48px;\"><span style=\"font-size: 10pt;\"><strong>Nicola Citarda<\/strong><\/span><\/td>\n<td style=\"width: 8.04931%; height: 48px;\"><span style=\"font-size: 10pt;\"><strong>Zona Conca d&#8217;Oro<\/strong><\/span><\/td>\n<td style=\"width: 3.73464%; height: 48px;\"><span style=\"font-size: 10pt;\"><strong>Incaricato Regionale<\/strong><\/span><\/td>\n<td style=\"width: 1.45985%; height: 48px;\"><span style=\"font-size: 10pt;\"><strong>Palermo 15<\/strong><\/span><\/td>\n<td style=\"width: 1.76367%; height: 48px;\"><span style=\"font-size: 10pt;\"><a href=\"mailto:irom@sicilia.agesci.it\"><strong>irom@sicilia.agesci.it<\/strong><\/a><\/span><\/td>\n<\/tr>\n<tr style=\"height: 48px;\">\n<td style=\"width: 9.42712%; height: 48px;\"><span style=\"font-size: 10pt;\">Antonello Cascavilla<\/span><\/td>\n<td style=\"width: 8.04931%; height: 48px;\"><span style=\"font-size: 10pt;\">&nbsp;Zona Conca d\u2019Oro<\/span><\/td>\n<td style=\"width: 3.73464%; height: 48px;\"><span style=\"font-size: 10pt;\">Demanio<\/span><\/td>\n<td style=\"width: 1.45985%; height: 48px;\"><span style=\"font-size: 10pt;\">Palermo 11<\/span><\/td>\n<td style=\"width: 1.76367%; height: 48px;\">&nbsp;<\/td>\n<\/tr>\n<tr style=\"height: 48px;\">\n<td style=\"width: 9.42712%; height: 48px;\"><span style=\"font-size: 10pt;\">Mario Maccarrone<\/span><\/td>\n<td style=\"width: 8.04931%; height: 48px;\"><span style=\"font-size: 10pt;\">Regione Sicilia<\/span><\/td>\n<td style=\"width: 3.73464%; height: 48px;\"><span style=\"font-size: 10pt;\">Magazzino<\/span><\/td>\n<td style=\"width: 1.45985%; height: 48px;\">&nbsp;<\/td>\n<td style=\"width: 1.76367%; height: 48px;\">&nbsp;<\/td>\n<\/tr>\n<tr style=\"height: 24px;\">\n<td style=\"width: 9.42712%; height: 24px;\"><span style=\"font-size: 10pt;\">Claudio Treppiedi<\/span><\/td>\n<td style=\"width: 8.04931%; height: 24px;\"><span style=\"font-size: 10pt;\">Zona Eleuterio<\/span><\/td>\n<td style=\"width: 3.73464%; height: 24px;\"><span style=\"font-size: 10pt;\">Base Massariotta<\/span><\/td>\n<td style=\"width: 1.45985%; height: 24px;\"><span style=\"font-size: 10pt;\">Vicari 1<\/span><\/td>\n<td style=\"width: 1.76367%; height: 24px;\"><span style=\"font-size: 10pt;\"><a href=\"mailto:massariotta@sicilia.agesci.it\">massariotta@sicilia.agesci.it<\/a><\/span><\/td>\n<\/tr>\n<tr style=\"height: 48px;\">\n<td style=\"width: 9.42712%; height: 48px;\"><span style=\"font-size: 10pt;\">Alex Campisi<\/span><\/td>\n<td style=\"width: 8.04931%; height: 48px;\"><span style=\"font-size: 10pt;\">Zona Nebrodi e Madonie<\/span><\/td>\n<td style=\"width: 3.73464%; height: 48px;\"><span style=\"font-size: 10pt;\">Webmaster<\/span><\/td>\n<td style=\"width: 1.45985%; height: 48px;\"><span style=\"font-size: 10pt;\">Capo d&#8217;orlando 1<\/span><\/td>\n<td style=\"width: 1.76367%; height: 48px;\"><span style=\"font-size: 10pt;\"><a href=\"mailto:webmaster@sicilia.agesci.it\">webmaster@sicilia.agesci.it<\/a><\/span><\/td>\n<\/tr>\n<tr style=\"height: 24px;\">\n<td style=\"width: 9.42712%; height: 37px;\"><span style=\"font-size: 10pt;\">Scalini Antonio<\/span><\/td>\n<td style=\"width: 8.04931%; height: 37px;\"><span style=\"font-size: 10pt;\">Regione Sicilia<\/span><\/td>\n<td style=\"width: 3.73464%; height: 37px;\"><span style=\"font-size: 10pt;\">Centro Studi<\/span><\/td>\n<td style=\"width: 1.45985%; height: 37px;\">&nbsp;<\/td>\n<td style=\"width: 1.76367%; height: 37px;\"><span style=\"font-size: 10pt;\"><a href=\"mailto:centrostudi@sicilia.agesci.it\">centrostudi@sicilia.agesci.it<\/a><\/span><\/td>\n<\/tr>\n<tr style=\"height: 42px;\">\n<td style=\"width: 9.42712%; height: 42px;\"><span style=\"font-size: 10pt;\">Vita Accardi<\/span><\/td>\n<td style=\"width: 8.04931%; height: 42px;\"><span style=\"font-size: 10pt;\">Zona dei Fenici<\/span><\/td>\n<td style=\"width: 3.73464%; height: 42px;\">&nbsp;<\/td>\n<td style=\"width: 1.45985%; height: 42px;\"><span style=\"font-size: 10pt;\">Santa Ninfa 1<\/span><\/td>\n<td style=\"width: 1.76367%; height: 42px;\">&nbsp;<\/td>\n<\/tr>\n<tr style=\"height: 48px;\">\n<td style=\"width: 9.42712%; height: 48px;\"><span style=\"font-size: 10pt;\">Laura Zinnanti&nbsp;<\/span><\/td>\n<td style=\"width: 8.04931%; height: 48px;\"><span style=\"font-size: 10pt;\">Zona Torri<\/span><\/td>\n<td style=\"width: 3.73464%; height: 48px;\">&nbsp;<\/td>\n<td style=\"width: 1.45985%; height: 48px;\"><span style=\"font-size: 10pt;\">Palma di Montechiaro 1<\/span><\/td>\n<td style=\"width: 1.76367%; height: 48px;\">&nbsp;<\/td>\n<\/tr>\n<tr style=\"height: 24px;\">\n<td style=\"width: 9.42712%; height: 24px;\"><span style=\"font-size: 10pt;\">Nino Tringale<\/span><\/td>\n<td style=\"width: 8.04931%; height: 24px;\"><span style=\"font-size: 10pt;\">Zona Etnea<\/span><\/td>\n<td style=\"width: 3.73464%; height: 24px;\">&nbsp;<\/td>\n<td style=\"width: 1.45985%; height: 24px;\"><span style=\"font-size: 10pt;\">Catania 5<\/span><\/td>\n<td style=\"width: 1.76367%; height: 24px;\">&nbsp;<\/td>\n<\/tr>\n<tr style=\"height: 24px;\">\n<td style=\"width: 9.42712%; height: 24px;\"><span style=\"font-size: 10pt;\">Nico Podix<\/span><\/td>\n<td style=\"width: 8.04931%; height: 24px;\"><span style=\"font-size: 10pt;\">Zona Eleuterio<\/span><\/td>\n<td style=\"width: 3.73464%; height: 24px;\">&nbsp;<\/td>\n<td style=\"width: 1.45985%; height: 24px;\"><span style=\"font-size: 10pt;\">Altavilla Milicia 1<\/span><\/td>\n<td style=\"width: 1.76367%; height: 24px;\">&nbsp;<\/td>\n<\/tr>\n<tr style=\"height: 48px;\">\n<td style=\"width: 9.42712%; height: 48px;\"><span style=\"font-size: 10pt;\">Giovanni Rao<\/span><\/td>\n<td style=\"width: 8.04931%; height: 48px;\"><span style=\"font-size: 10pt;\">Zona Etna Alto Simeto<\/span><\/td>\n<td style=\"width: 3.73464%; height: 48px;\">&nbsp;<\/td>\n<td style=\"width: 1.45985%; height: 48px;\"><span style=\"font-size: 10pt;\">Patern\u00f2 3<\/span><\/td>\n<td style=\"width: 1.76367%; height: 48px;\">&nbsp;<\/td>\n<\/tr>\n<\/tbody>\n<\/table>\n<p><a href=\"http:\/\/sicilia.agesci.it\/organizzazione\/wp-content\/uploads\/sites\/8\/2018\/06\/IMG-20180619-WA0017.jpg\"><img loading=\"lazy\" decoding=\"async\" class=\"wp-image-2715 aligncenter\" src=\"http:\/\/sicilia.agesci.it\/organizzazione\/wp-content\/uploads\/sites\/8\/2018\/06\/IMG-20180619-WA0017.jpg\" alt=\"\" width=\"275\" height=\"195\" srcset=\"https:\/\/sicilia.agesci.it\/organizzazione\/wp-content\/uploads\/sites\/8\/2018\/06\/IMG-20180619-WA0017.jpg 1024w, https:\/\/sicilia.agesci.it\/organizzazione\/wp-content\/uploads\/sites\/8\/2018\/06\/IMG-20180619-WA0017-300x212.jpg 300w, https:\/\/sicilia.agesci.it\/organizzazione\/wp-content\/uploads\/sites\/8\/2018\/06\/IMG-20180619-WA0017-768x544.jpg 768w\" sizes=\"auto, (max-width: 275px) 100vw, 275px\" \/><\/a><\/p>\n<p style=\"text-align: center;\">Scegliamo la Sicilia perch\u00e8 ci rappresenta, siamo noi.<\/p>\n<p style=\"text-align: center;\">Il logo dell&#8217;Agesci \u00e8 posizionato a Catania proprio perch\u00e8 l\u00ec \u00e8 la nostra sede regionale.<\/p>\n<p style=\"text-align: center;\">Il puzzle ad incastro rappresenta il campo complesso del settore, identificato con i colori delle tre branche e della formazione capi proprio perch\u00e8 l&#8217;organizzazione abbraccia tutto, \u00e8 dentro una regione a 360\u00b0.<\/p>\n<p style=\"text-align: center;\">L&#8217;organizzazione quindi, non organizza eventi.<\/p>\n","protected":false},"excerpt":{"rendered":"<p>Nome Zona Ruolo Gruppo Email Veronica Zocco (IRO) Zona Netina Incaricata Regionale Ispica 2 irof@sicilia.agesci.it Nicola Citarda Zona Conca d&#8217;Oro Incaricato Regionale Palermo 15 irom@sicilia.agesci.it Antonello Cascavilla &nbsp;Zona Conca d\u2019Oro [&hellip;]<\/p>\n","protected":false},"author":2,"featured_media":0,"parent":0,"menu_order":0,"comment_status":"closed","ping_status":"closed","template":"","meta":{"ngg_post_thumbnail":0,"footnotes":""},"categories":[],"tags":[],"class_list":["post-2686","page","type-page","status-publish","hentry"],"_links":{"self":[{"href":"https:\/\/sicilia.agesci.it\/organizzazione\/wp-json\/wp\/v2\/pages\/2686","targetHints":{"allow":["GET"]}}],"collection":[{"href":"https:\/\/sicilia.agesci.it\/organizzazione\/wp-json\/wp\/v2\/pages"}],"about":[{"href":"https:\/\/sicilia.agesci.it\/organizzazione\/wp-json\/wp\/v2\/types\/page"}],"author":[{"embeddable":true,"href":"https:\/\/sicilia.agesci.it\/organizzazione\/wp-json\/wp\/v2\/users\/2"}],"replies":[{"embeddable":true,"href":"https:\/\/sicilia.agesci.it\/organizzazione\/wp-json\/wp\/v2\/comments?post=2686"}],"version-history":[{"count":44,"href":"https:\/\/sicilia.agesci.it\/organizzazione\/wp-json\/wp\/v2\/pages\/2686\/revisions"}],"predecessor-version":[{"id":2776,"href":"https:\/\/sicilia.agesci.it\/organizzazione\/wp-json\/wp\/v2\/pages\/2686\/revisions\/2776"}],"wp:attachment":[{"href":"https:\/\/sicilia.agesci.it\/organizzazione\/wp-json\/wp\/v2\/media?parent=2686"}],"wp:term":[{"taxonomy":"category","embeddable":true,"href":"https:\/\/sicilia.agesci.it\/organizzazione\/wp-json\/wp\/v2\/categories?post=2686"},{"taxonomy":"post_tag","embeddable":true,"href":"https:\/\/sicilia.agesci.it\/organizzazione\/wp-json\/wp\/v2\/tags?post=2686"}],"curies":[{"name":"wp","href":"https:\/\/api.w.org\/{rel}","templated":true}]}}